{"id":16905,"date":"2020-04-28T11:57:41","date_gmt":"2020-04-28T08:57:41","guid":{"rendered":"https:\/\/skalahotel.vistaserver.net\/?page_id=16905"},"modified":"2021-01-18T13:04:36","modified_gmt":"2021-01-18T11:04:36","slug":"conferences-events","status":"publish","type":"page","link":"https:\/\/www.skalahotel.gr\/tr\/conferences-events\/","title":{"rendered":"Konferanslar &#8211; Etkinlikler"},"content":{"rendered":"<div id=\"cmsmasters_row_a238d4fa81\" class=\"cmsmasters_row cmsmasters_color_scheme_default cmsmasters_row_top_default cmsmasters_row_bot_default cmsmasters_row_boxed\">\n<div class=\"cmsmasters_row_outer_parent\">\n<div class=\"cmsmasters_row_outer\">\n<div class=\"cmsmasters_row_inner\">\n<div class=\"cmsmasters_row_margin\">\n<div id=\"cmsmasters_column_f77c8e6d30\" class=\"cmsmasters_column one_first\">\n<div class=\"cmsmasters_column_inner\"><div id=\"cmsmasters_heading_f936a1f7a2\" class=\"cmsmasters_heading_wrap cmsmasters_heading_align_center\" data-animation=\"fadeInDown\" data-delay=\"0\">\n\t<h3 class=\"cmsmasters_heading\">Hizmetler<\/h3>\n<\/div><div id=\"cmsmasters_heading_b033062ba6\" class=\"cmsmasters_heading_wrap cmsmasters_heading_align_center\" data-animation=\"fadeInUp\" data-delay=\"0\">\n\t<h2 class=\"cmsmasters_heading\">Otel \u00d6zellikleri &#8211; Hizmetler<\/h2>\n<\/div><div class=\"cmsmasters_text\">\n<p>Patmos, do\u011fal g\u00fczelli\u011fi, tarihi ve k\u00fclt\u00fcrel miras\u0131 ile birle\u015fen altyap\u0131s\u0131 sayesinde konferans, etkinlik ve her t\u00fcrl\u00fc aktiviteleri organize etmek i\u00e7in ideal bir mekan olarak kabul edilmektedir. Her etkinlik i\u00e7in ba\u015far\u0131n\u0131n \u00fc\u00e7 \u015fart\u0131n\u0131 garanti ediyoruz. Skala Hotel, konferans\u0131n\u0131z veya d\u00fc\u011f\u00fcn\u00fcn\u00fcz veya \u00e7ocu\u011funuzun vaftizi gibi sosyal etkinli\u011finiz i\u00e7in en iyi se\u00e7imdir, \u00e7\u00fcnk\u00fc m\u00fckemmel olanaklara ve hizmetlere sahip olmas\u0131 nedeniyle, organizasyonun yan\u0131s\u0131ra misafirlerinizi a\u011f\u0131rlama olana\u011f\u0131na da sahiptir ve adan\u0131n merkezi bir noktas\u0131nda bulunmaktad\u0131r. Kusursuz hizmete \u00f6nem verdi\u011fimizden dolay\u0131, konuklar\u0131n\u0131z Skala Hotel&#8217;in sundu\u011fu profesyonellik ve misafirperverli\u011fi takdir edeceklerdir.<\/p>\n<p>300 metrekarelik konferans salonumuz y\u00fcksek performansl\u0131 klimaya (\u0131s\u0131tma ve so\u011futma) sahiptir ve otelin bah\u00e7esini g\u00f6ren harika bir manzaras\u0131 bulunmaktad\u0131r.<\/p>\n<p>Skala Hotel ayr\u0131ca d\u00fc\u011f\u00fcn e\u011flencenizin ve \u00e7ocu\u011funuzun vaftizinin organizasyonunu \u00fcstlenebilir. \u00c7i\u00e7eklerle \u00e7evrili ho\u015f havuz alan\u0131nda ve Skala Hotel&#8217;in b\u00fcy\u00fcleyici ayd\u0131nlatmas\u0131yla konuklar\u0131n\u0131zla hayat\u0131n\u0131z\u0131n en de\u011ferli ve ne\u015feli g\u00fcn\u00fcn\u00fc payla\u015f\u0131n. Servisimizin ve yemeklerimizin kalitesi sizde en iyi izlenimi b\u0131rakacakt\u0131r.<\/p>\n<\/div>\n<\/div><\/div>\n<\/div>\n<\/div>\n<\/div>\n<\/div>\n<\/div>\n<div id=\"cmsmasters_row_1d29a8fv79\" class=\"cmsmasters_row cmsmasters_color_scheme_default cmsmasters_row_top_default cmsmasters_row_bot_default cmsmasters_row_boxed\">\n<div class=\"cmsmasters_row_outer_parent\">\n<div class=\"cmsmasters_row_outer\">\n<div class=\"cmsmasters_row_inner\">\n<div class=\"cmsmasters_row_margin\">\n<div id=\"cmsmasters_column_fo83lnukll\" class=\"cmsmasters_column two_third\">\n<div class=\"cmsmasters_column_inner\"><div class=\"aligncenter\"><div class=\"cmsmasters_img  cmsmasters_image_c with_caption\"><img decoding=\"async\" src=\"https:\/\/www.skalahotel.gr\/wp-content\/uploads\/2021\/01\/Conferences-Events-1.jpg\" \/><p class=\"cmsmasters_img_caption\">SKALA HOTEL - CONFERENCE HALL<\/p><\/div><\/div>\n<\/div><\/div>\n<div id=\"cmsmasters_column_tfwpd4qxlp\" class=\"cmsmasters_column one_third\">\n<div class=\"cmsmasters_column_inner\"><div class=\"cmsmasters_img  cmsmasters_image_l\" data-animation=\"fadeIn\" data-delay=\"0\"><a href=\"https:\/\/www.skalahotel.gr\/wp-content\/uploads\/2020\/02\/skalahotel_conferencehall_bluprint_popup.jpg\" rel=\"ilightbox[img_6a076847b8017]\"><img decoding=\"async\" src=\"https:\/\/www.skalahotel.gr\/wp-content\/uploads\/2020\/02\/skalahotel_conferencehall_bluprint_popup.jpg\" alt=\"SKALA HOTEL - CONFERENCE HALL\" \/><\/a><\/div>\n<\/div><\/div>\n<\/div>\n<\/div>\n<\/div>\n<\/div>\n<\/div>\n<div id=\"cmsmasters_row_niya9rfpan\" class=\"cmsmasters_row cmsmasters_color_scheme_default cmsmasters_row_top_default cmsmasters_row_bot_default cmsmasters_row_boxed\">\n<div class=\"cmsmasters_row_outer_parent\">\n<div class=\"cmsmasters_row_outer\">\n<div class=\"cmsmasters_row_inner\">\n<div class=\"cmsmasters_row_margin\">\n<div id=\"cmsmasters_column_41luqg26g\" class=\"cmsmasters_column one_first\">\n<div class=\"cmsmasters_column_inner\"><div id=\"cmsmasters_gallery_phbh1otvfe\" class=\"cmsmasters_gallery_wrap\" data-type=\"grid\" data-count=\"0\"><ul class=\"cmsmasters_gallery cmsmasters_4 cmsmasters_more_items_loader\"><li class=\"cmsmasters_gallery_item\"><figure><a href=\"https:\/\/www.skalahotel.gr\/wp-content\/uploads\/2021\/01\/Conferences-Events-4.jpg\" rel=\"ilightbox[phbh1otvfe]\"><img loading=\"lazy\" decoding=\"async\" width=\"300\" height=\"300\" src=\"https:\/\/www.skalahotel.gr\/wp-content\/uploads\/2021\/01\/Conferences-Events-4-300x300.jpg\" class=\"attachment-cmsmasters-square-thumb size-cmsmasters-square-thumb\" alt=\"\" srcset=\"https:\/\/www.skalahotel.gr\/wp-content\/uploads\/2021\/01\/Conferences-Events-4-300x300.jpg 300w, https:\/\/www.skalahotel.gr\/wp-content\/uploads\/2021\/01\/Conferences-Events-4-150x150.jpg 150w, https:\/\/www.skalahotel.gr\/wp-content\/uploads\/2021\/01\/Conferences-Events-4-64x64.jpg 64w\" sizes=\"(max-width: 300px) 100vw, 300px\" \/><\/a><\/figure><\/li><li class=\"cmsmasters_gallery_item\"><figure><a href=\"https:\/\/www.skalahotel.gr\/wp-content\/uploads\/2021\/01\/Conferences-Events-1.jpg\" rel=\"ilightbox[phbh1otvfe]\"><img loading=\"lazy\" decoding=\"async\" width=\"300\" height=\"300\" src=\"https:\/\/www.skalahotel.gr\/wp-content\/uploads\/2021\/01\/Conferences-Events-1-300x300.jpg\" class=\"attachment-cmsmasters-square-thumb size-cmsmasters-square-thumb\" alt=\"\" srcset=\"https:\/\/www.skalahotel.gr\/wp-content\/uploads\/2021\/01\/Conferences-Events-1-300x300.jpg 300w, https:\/\/www.skalahotel.gr\/wp-content\/uploads\/2021\/01\/Conferences-Events-1-150x150.jpg 150w, https:\/\/www.skalahotel.gr\/wp-content\/uploads\/2021\/01\/Conferences-Events-1-64x64.jpg 64w\" sizes=\"(max-width: 300px) 100vw, 300px\" \/><\/a><\/figure><\/li><li class=\"cmsmasters_gallery_item\"><figure><a href=\"https:\/\/www.skalahotel.gr\/wp-content\/uploads\/2021\/01\/Conferences-Events-2.jpg\" rel=\"ilightbox[phbh1otvfe]\"><img loading=\"lazy\" decoding=\"async\" width=\"300\" height=\"300\" src=\"https:\/\/www.skalahotel.gr\/wp-content\/uploads\/2021\/01\/Conferences-Events-2-300x300.jpg\" class=\"attachment-cmsmasters-square-thumb size-cmsmasters-square-thumb\" alt=\"\" srcset=\"https:\/\/www.skalahotel.gr\/wp-content\/uploads\/2021\/01\/Conferences-Events-2-300x300.jpg 300w, https:\/\/www.skalahotel.gr\/wp-content\/uploads\/2021\/01\/Conferences-Events-2-150x150.jpg 150w, https:\/\/www.skalahotel.gr\/wp-content\/uploads\/2021\/01\/Conferences-Events-2-64x64.jpg 64w\" sizes=\"(max-width: 300px) 100vw, 300px\" \/><\/a><\/figure><\/li><li class=\"cmsmasters_gallery_item\"><figure><a href=\"https:\/\/www.skalahotel.gr\/wp-content\/uploads\/2021\/01\/Conferences-Events-3.jpg\" rel=\"ilightbox[phbh1otvfe]\"><img loading=\"lazy\" decoding=\"async\" width=\"300\" height=\"300\" src=\"https:\/\/www.skalahotel.gr\/wp-content\/uploads\/2021\/01\/Conferences-Events-3-300x300.jpg\" class=\"attachment-cmsmasters-square-thumb size-cmsmasters-square-thumb\" alt=\"\" srcset=\"https:\/\/www.skalahotel.gr\/wp-content\/uploads\/2021\/01\/Conferences-Events-3-300x300.jpg 300w, https:\/\/www.skalahotel.gr\/wp-content\/uploads\/2021\/01\/Conferences-Events-3-150x150.jpg 150w, https:\/\/www.skalahotel.gr\/wp-content\/uploads\/2021\/01\/Conferences-Events-3-64x64.jpg 64w\" sizes=\"(max-width: 300px) 100vw, 300px\" \/><\/a><\/figure><\/li><\/ul><\/div><div id=\"cmsmasters_heading_x1nelwutc\" class=\"cmsmasters_heading_wrap cmsmasters_heading_align_center\">\n\t<h4 class=\"cmsmasters_heading\">Etkinli\u011finiz s\u0131ras\u0131nda olanaklar\u0131m\u0131z\u0131n tad\u0131n\u0131 \u00e7\u0131kar\u0131n<\/h4>\n<\/div>\n<\/div><\/div>\n<\/div>\n<\/div>\n<\/div>\n<\/div>\n<\/div>\n<div id=\"cmsmasters_row_916f209bd5\" class=\"cmsmasters_row cmsmasters_color_scheme_default cmsmasters_row_top_default cmsmasters_row_bot_default cmsmasters_row_boxed\">\n<div class=\"cmsmasters_row_outer_parent\">\n<div class=\"cmsmasters_row_outer\">\n<div class=\"cmsmasters_row_inner\">\n<div class=\"cmsmasters_row_margin cmsmasters_row_columns_behavior\">\n<div id=\"cmsmasters_column_e2beccf01e\" class=\"cmsmasters_column one_fourth\">\n<div class=\"cmsmasters_column_inner\"><div id=\"cmsmasters_fb_364392570f\" class=\"cmsmasters_featured_block\">\n<div class=\"featured_block_inner\">\n<div class=\"featured_block_text\">\n<h2 style=\"text-align: center;\"><span style=\"color: #ffffff; font-size: 24px; line-height: 30px;\">BAR<\/span><\/h2>\n\n<\/div>\n<\/div>\n<\/div>\n<\/div><\/div>\n<div id=\"cmsmasters_column_7df7fba768\" class=\"cmsmasters_column one_fourth\">\n<div class=\"cmsmasters_column_inner\"><div id=\"cmsmasters_fb_85f04344da\" class=\"cmsmasters_featured_block\">\n<div class=\"featured_block_inner\">\n<div class=\"featured_block_text\">\n<h2 style=\"text-align: center; line-height: 24px !important;\"><span style=\"color: #ffffff; font-size: 24px;\">Y\u00fczme havuzu<\/span><\/h2>\n\n<\/div>\n<\/div>\n<\/div>\n<\/div><\/div>\n<div id=\"cmsmasters_column_59ae3c9120\" class=\"cmsmasters_column one_fourth\">\n<div class=\"cmsmasters_column_inner\"><div id=\"cmsmasters_fb_66db1ac201\" class=\"cmsmasters_featured_block\">\n<div class=\"featured_block_inner\">\n<div class=\"featured_block_text\">\n<h2 style=\"text-align: center;\"><span style=\"color: #ffffff; font-size: 24px; line-height: 30px;\">Restoran<\/span><\/h2>\n\n<\/div>\n<\/div>\n<\/div>\n<\/div><\/div>\n<div id=\"cmsmasters_column_bb1c09aa83\" class=\"cmsmasters_column one_fourth\">\n<div class=\"cmsmasters_column_inner\"><div id=\"cmsmasters_fb_7eaa133caa\" class=\"cmsmasters_featured_block\">\n<div class=\"featured_block_inner\">\n<div class=\"featured_block_text\">\n<h2 style=\"text-align: center; line-height: 24px !important;\"><span style=\"color: #ffffff; font-size: 24px; line-height: 30px;\">KONFERANS SALONU<\/span><\/h2>\n\n<\/div>\n<\/div>\n<\/div>\n<\/div><\/div>\n<\/div>\n<\/div>\n<\/div>\n<\/div>\n<\/div>\n\n","protected":false},"excerpt":{"rendered":"","protected":false},"author":1,"featured_media":0,"parent":0,"menu_order":0,"comment_status":"closed","ping_status":"closed","template":"","meta":{"footnotes":""},"_links":{"self":[{"href":"https:\/\/www.skalahotel.gr\/tr\/wp-json\/wp\/v2\/pages\/16905"}],"collection":[{"href":"https:\/\/www.skalahotel.gr\/tr\/wp-json\/wp\/v2\/pages"}],"about":[{"href":"https:\/\/www.skalahotel.gr\/tr\/wp-json\/wp\/v2\/types\/page"}],"author":[{"embeddable":true,"href":"https:\/\/www.skalahotel.gr\/tr\/wp-json\/wp\/v2\/users\/1"}],"replies":[{"embeddable":true,"href":"https:\/\/www.skalahotel.gr\/tr\/wp-json\/wp\/v2\/comments?post=16905"}],"version-history":[{"count":9,"href":"https:\/\/www.skalahotel.gr\/tr\/wp-json\/wp\/v2\/pages\/16905\/revisions"}],"predecessor-version":[{"id":17282,"href":"https:\/\/www.skalahotel.gr\/tr\/wp-json\/wp\/v2\/pages\/16905\/revisions\/17282"}],"wp:attachment":[{"href":"https:\/\/www.skalahotel.gr\/tr\/wp-json\/wp\/v2\/media?parent=16905"}],"curies":[{"name":"wp","href":"https:\/\/api.w.org\/{rel}","templated":true}]}}