{"id":16875,"date":"2020-04-28T11:50:00","date_gmt":"2020-04-28T08:50:00","guid":{"rendered":"https:\/\/skalahotel.vistaserver.net\/?page_id=16875"},"modified":"2021-01-18T13:02:39","modified_gmt":"2021-01-18T11:02:39","slug":"conferences-events","status":"publish","type":"page","link":"https:\/\/www.skalahotel.gr\/it\/conferences-events\/","title":{"rendered":"Conferenze &#8211; Eventi"},"content":{"rendered":"<div id=\"cmsmasters_row_a238d4fa81\" class=\"cmsmasters_row cmsmasters_color_scheme_default cmsmasters_row_top_default cmsmasters_row_bot_default cmsmasters_row_boxed\">\n<div class=\"cmsmasters_row_outer_parent\">\n<div class=\"cmsmasters_row_outer\">\n<div class=\"cmsmasters_row_inner\">\n<div class=\"cmsmasters_row_margin\">\n<div id=\"cmsmasters_column_f77c8e6d30\" class=\"cmsmasters_column one_first\">\n<div class=\"cmsmasters_column_inner\"><div id=\"cmsmasters_heading_f936a1f7a2\" class=\"cmsmasters_heading_wrap cmsmasters_heading_align_center\" data-animation=\"fadeInDown\" data-delay=\"0\">\n\t<h3 class=\"cmsmasters_heading\">Strutture<\/h3>\n<\/div><div id=\"cmsmasters_heading_b033062ba6\" class=\"cmsmasters_heading_wrap cmsmasters_heading_align_center\" data-animation=\"fadeInUp\" data-delay=\"0\">\n\t<h2 class=\"cmsmasters_heading\">Caratteristiche e servizi<\/h2>\n<\/div><div class=\"cmsmasters_text\">\n<p>Patmos \u00e8 considerata una localit\u00e0 ideale per organizzare conferenze, eventi ed ogni tipo di eventi. Grazie alla sua naturale bellezza ed al suo retaggio storico e culturale unito alle sue infrastrutture. Il successo \u00e8 garantito in qualsiasi evento! L&#8217;Hotel Skala \u00e8 la scelta migliore per preparare la vostra conferenza oppure un evento mondano, come ad esempio un matrimonio o un battesimo, grazie ad infrastrutture e servizi di elevatissima qualit\u00e0. Oltre all&#8217;organizzazione, ha anche la possibilit\u00e0 di occuparsi della sistemazione degli invitati ed ha il pregio di trovarsi in posizione centrale rispetto all&#8217;isola. Con una particolare attenzione all&#8217;ineccepibile servizio, i vostri invitati apprezzeranno la professionalit\u00e0 e l&#8217;ospitalit\u00e0 dell&#8217;Hotel Skala.<\/p>\n<p>La nostra sala conferenze, grande 300 mq, dispone d&#8217;un sistema di climatizzazione di elevato rendimento (sia come riscaldamento che come condizionatore) ed offre una spettacolare vista sul giardino dell&#8217;hotel.<\/p>\n<p>L&#8217;Hotel Skala si pu\u00f2 occupare dell&#8217;organizzazione del ricevimento nuziale, oltre che del battesimo del vostro figlio. Avrete cos\u00ec la possibilit\u00e0 di condividere il giorno pi\u00f9 importante e gioioso della vostra vita con i vostri invitati, in un fantastico luogo con piscina, circondato da fiori e dalla magica illuminazione dell&#8217;Hotel Skala. La qualit\u00e0 dei nostri servizi, oltre che della nostra cucina vi daranno le migliori impressioni.<\/p>\n<\/div>\n<\/div><\/div>\n<\/div>\n<\/div>\n<\/div>\n<\/div>\n<\/div>\n<div id=\"cmsmasters_row_1d29a8fv79\" class=\"cmsmasters_row cmsmasters_color_scheme_default cmsmasters_row_top_default cmsmasters_row_bot_default cmsmasters_row_boxed\">\n<div class=\"cmsmasters_row_outer_parent\">\n<div class=\"cmsmasters_row_outer\">\n<div class=\"cmsmasters_row_inner\">\n<div class=\"cmsmasters_row_margin\">\n<div id=\"cmsmasters_column_fo83lnukll\" class=\"cmsmasters_column two_third\">\n<div class=\"cmsmasters_column_inner\"><div class=\"aligncenter\"><div class=\"cmsmasters_img  cmsmasters_image_c with_caption\"><img decoding=\"async\" src=\"https:\/\/www.skalahotel.gr\/wp-content\/uploads\/2021\/01\/Conferences-Events-1.jpg\" \/><p class=\"cmsmasters_img_caption\">SKALA HOTEL - CONFERENCE HALL<\/p><\/div><\/div>\n<\/div><\/div>\n<div id=\"cmsmasters_column_tfwpd4qxlp\" class=\"cmsmasters_column one_third\">\n<div class=\"cmsmasters_column_inner\"><div class=\"cmsmasters_img  cmsmasters_image_l\" data-animation=\"fadeIn\" data-delay=\"0\"><a href=\"https:\/\/www.skalahotel.gr\/wp-content\/uploads\/2020\/02\/skalahotel_conferencehall_bluprint_popup.jpg\" rel=\"ilightbox[img_6a075a89c1853]\"><img decoding=\"async\" src=\"https:\/\/www.skalahotel.gr\/wp-content\/uploads\/2020\/02\/skalahotel_conferencehall_bluprint_popup.jpg\" alt=\"SKALA HOTEL - CONFERENCE HALL\" \/><\/a><\/div>\n<\/div><\/div>\n<\/div>\n<\/div>\n<\/div>\n<\/div>\n<\/div>\n<div id=\"cmsmasters_row_niya9rfpan\" class=\"cmsmasters_row cmsmasters_color_scheme_default cmsmasters_row_top_default cmsmasters_row_bot_default cmsmasters_row_boxed\">\n<div class=\"cmsmasters_row_outer_parent\">\n<div class=\"cmsmasters_row_outer\">\n<div class=\"cmsmasters_row_inner\">\n<div class=\"cmsmasters_row_margin\">\n<div id=\"cmsmasters_column_41luqg26g\" class=\"cmsmasters_column one_first\">\n<div class=\"cmsmasters_column_inner\"><div id=\"cmsmasters_gallery_x64j6ykj8w\" class=\"cmsmasters_gallery_wrap\" data-type=\"grid\" data-count=\"0\"><ul class=\"cmsmasters_gallery cmsmasters_4 cmsmasters_more_items_loader\"><li class=\"cmsmasters_gallery_item\"><figure><a href=\"https:\/\/www.skalahotel.gr\/wp-content\/uploads\/2021\/01\/Conferences-Events-4.jpg\" rel=\"ilightbox[x64j6ykj8w]\"><img loading=\"lazy\" decoding=\"async\" width=\"300\" height=\"300\" src=\"https:\/\/www.skalahotel.gr\/wp-content\/uploads\/2021\/01\/Conferences-Events-4-300x300.jpg\" class=\"attachment-cmsmasters-square-thumb size-cmsmasters-square-thumb\" alt=\"\" srcset=\"https:\/\/www.skalahotel.gr\/wp-content\/uploads\/2021\/01\/Conferences-Events-4-300x300.jpg 300w, https:\/\/www.skalahotel.gr\/wp-content\/uploads\/2021\/01\/Conferences-Events-4-150x150.jpg 150w, https:\/\/www.skalahotel.gr\/wp-content\/uploads\/2021\/01\/Conferences-Events-4-64x64.jpg 64w\" sizes=\"(max-width: 300px) 100vw, 300px\" \/><\/a><\/figure><\/li><li class=\"cmsmasters_gallery_item\"><figure><a href=\"https:\/\/www.skalahotel.gr\/wp-content\/uploads\/2021\/01\/Conferences-Events-1.jpg\" rel=\"ilightbox[x64j6ykj8w]\"><img loading=\"lazy\" decoding=\"async\" width=\"300\" height=\"300\" src=\"https:\/\/www.skalahotel.gr\/wp-content\/uploads\/2021\/01\/Conferences-Events-1-300x300.jpg\" class=\"attachment-cmsmasters-square-thumb size-cmsmasters-square-thumb\" alt=\"\" srcset=\"https:\/\/www.skalahotel.gr\/wp-content\/uploads\/2021\/01\/Conferences-Events-1-300x300.jpg 300w, https:\/\/www.skalahotel.gr\/wp-content\/uploads\/2021\/01\/Conferences-Events-1-150x150.jpg 150w, https:\/\/www.skalahotel.gr\/wp-content\/uploads\/2021\/01\/Conferences-Events-1-64x64.jpg 64w\" sizes=\"(max-width: 300px) 100vw, 300px\" \/><\/a><\/figure><\/li><li class=\"cmsmasters_gallery_item\"><figure><a href=\"https:\/\/www.skalahotel.gr\/wp-content\/uploads\/2021\/01\/Conferences-Events-2.jpg\" rel=\"ilightbox[x64j6ykj8w]\"><img loading=\"lazy\" decoding=\"async\" width=\"300\" height=\"300\" src=\"https:\/\/www.skalahotel.gr\/wp-content\/uploads\/2021\/01\/Conferences-Events-2-300x300.jpg\" class=\"attachment-cmsmasters-square-thumb size-cmsmasters-square-thumb\" alt=\"\" srcset=\"https:\/\/www.skalahotel.gr\/wp-content\/uploads\/2021\/01\/Conferences-Events-2-300x300.jpg 300w, https:\/\/www.skalahotel.gr\/wp-content\/uploads\/2021\/01\/Conferences-Events-2-150x150.jpg 150w, https:\/\/www.skalahotel.gr\/wp-content\/uploads\/2021\/01\/Conferences-Events-2-64x64.jpg 64w\" sizes=\"(max-width: 300px) 100vw, 300px\" \/><\/a><\/figure><\/li><li class=\"cmsmasters_gallery_item\"><figure><a href=\"https:\/\/www.skalahotel.gr\/wp-content\/uploads\/2021\/01\/Conferences-Events-3.jpg\" rel=\"ilightbox[x64j6ykj8w]\"><img loading=\"lazy\" decoding=\"async\" width=\"300\" height=\"300\" src=\"https:\/\/www.skalahotel.gr\/wp-content\/uploads\/2021\/01\/Conferences-Events-3-300x300.jpg\" class=\"attachment-cmsmasters-square-thumb size-cmsmasters-square-thumb\" alt=\"\" srcset=\"https:\/\/www.skalahotel.gr\/wp-content\/uploads\/2021\/01\/Conferences-Events-3-300x300.jpg 300w, https:\/\/www.skalahotel.gr\/wp-content\/uploads\/2021\/01\/Conferences-Events-3-150x150.jpg 150w, https:\/\/www.skalahotel.gr\/wp-content\/uploads\/2021\/01\/Conferences-Events-3-64x64.jpg 64w\" sizes=\"(max-width: 300px) 100vw, 300px\" \/><\/a><\/figure><\/li><\/ul><\/div><div id=\"cmsmasters_heading_x1nelwutc\" class=\"cmsmasters_heading_wrap cmsmasters_heading_align_center\">\n\t<h4 class=\"cmsmasters_heading\">Durante il tuo evento, goditi i nostri servizi<\/h4>\n<\/div>\n<\/div><\/div>\n<\/div>\n<\/div>\n<\/div>\n<\/div>\n<\/div>\n<div id=\"cmsmasters_row_916f209bd5\" class=\"cmsmasters_row cmsmasters_color_scheme_default cmsmasters_row_top_default cmsmasters_row_bot_default cmsmasters_row_boxed\">\n<div class=\"cmsmasters_row_outer_parent\">\n<div class=\"cmsmasters_row_outer\">\n<div class=\"cmsmasters_row_inner\">\n<div class=\"cmsmasters_row_margin cmsmasters_row_columns_behavior\">\n<div id=\"cmsmasters_column_e2beccf01e\" class=\"cmsmasters_column one_fourth\">\n<div class=\"cmsmasters_column_inner\"><div id=\"cmsmasters_fb_364392570f\" class=\"cmsmasters_featured_block\">\n<div class=\"featured_block_inner\">\n<div class=\"featured_block_text\">\n<h2 style=\"text-align: center;\"><span style=\"color: #ffffff; font-size: 24px; line-height: 30px;\">BAR<\/span><\/h2>\n\n<\/div>\n<\/div>\n<\/div>\n<\/div><\/div>\n<div id=\"cmsmasters_column_7df7fba768\" class=\"cmsmasters_column one_fourth\">\n<div class=\"cmsmasters_column_inner\"><div id=\"cmsmasters_fb_85f04344da\" class=\"cmsmasters_featured_block\">\n<div class=\"featured_block_inner\">\n<div class=\"featured_block_text\">\n<h2 style=\"text-align: center;\"><span style=\"color: #ffffff; font-size: 24px; line-height: 30px;\">Piscina<\/span><\/h2>\n\n<\/div>\n<\/div>\n<\/div>\n<\/div><\/div>\n<div id=\"cmsmasters_column_59ae3c9120\" class=\"cmsmasters_column one_fourth\">\n<div class=\"cmsmasters_column_inner\"><div id=\"cmsmasters_fb_66db1ac201\" class=\"cmsmasters_featured_block\">\n<div class=\"featured_block_inner\">\n<div class=\"featured_block_text\">\n<h2 style=\"text-align: center;\"><span style=\"color: #ffffff; font-size: 24px; line-height: 30px;\">Ristorante<\/span><\/h2>\n\n<\/div>\n<\/div>\n<\/div>\n<\/div><\/div>\n<div id=\"cmsmasters_column_bb1c09aa83\" class=\"cmsmasters_column one_fourth\">\n<div class=\"cmsmasters_column_inner\"><div id=\"cmsmasters_fb_7eaa133caa\" class=\"cmsmasters_featured_block\">\n<div class=\"featured_block_inner\">\n<div class=\"featured_block_text\">\n<h2 style=\"text-align: center; line-height: 24px;\"><span style=\"color: #ffffff; font-size: 24px; line-height: 24px;\">SALA CONFERENZE<\/span><\/h2>\n\n<\/div>\n<\/div>\n<\/div>\n<\/div><\/div>\n<\/div>\n<\/div>\n<\/div>\n<\/div>\n<\/div>\n\n","protected":false},"excerpt":{"rendered":"","protected":false},"author":1,"featured_media":0,"parent":0,"menu_order":0,"comment_status":"closed","ping_status":"closed","template":"","meta":{"footnotes":""},"_links":{"self":[{"href":"https:\/\/www.skalahotel.gr\/it\/wp-json\/wp\/v2\/pages\/16875"}],"collection":[{"href":"https:\/\/www.skalahotel.gr\/it\/wp-json\/wp\/v2\/pages"}],"about":[{"href":"https:\/\/www.skalahotel.gr\/it\/wp-json\/wp\/v2\/types\/page"}],"author":[{"embeddable":true,"href":"https:\/\/www.skalahotel.gr\/it\/wp-json\/wp\/v2\/users\/1"}],"replies":[{"embeddable":true,"href":"https:\/\/www.skalahotel.gr\/it\/wp-json\/wp\/v2\/comments?post=16875"}],"version-history":[{"count":9,"href":"https:\/\/www.skalahotel.gr\/it\/wp-json\/wp\/v2\/pages\/16875\/revisions"}],"predecessor-version":[{"id":17280,"href":"https:\/\/www.skalahotel.gr\/it\/wp-json\/wp\/v2\/pages\/16875\/revisions\/17280"}],"wp:attachment":[{"href":"https:\/\/www.skalahotel.gr\/it\/wp-json\/wp\/v2\/media?parent=16875"}],"curies":[{"name":"wp","href":"https:\/\/api.w.org\/{rel}","templated":true}]}}