{"id":16625,"date":"2020-03-27T12:51:44","date_gmt":"2020-03-27T10:51:44","guid":{"rendered":"https:\/\/skalahotel.vistaserver.net\/?page_id=16625"},"modified":"2021-05-10T13:24:46","modified_gmt":"2021-05-10T10:24:46","slug":"contacts","status":"publish","type":"page","link":"https:\/\/www.skalahotel.gr\/fr\/contacts\/","title":{"rendered":"Contacts"},"content":{"rendered":"<div id=\"cmsmasters_row_f66a1b7222\" class=\"cmsmasters_row cmsmasters_color_scheme_default cmsmasters_row_top_default cmsmasters_row_bot_default cmsmasters_row_boxed\">\n<div class=\"cmsmasters_row_outer_parent\">\n<div class=\"cmsmasters_row_outer\">\n<div class=\"cmsmasters_row_inner\">\n<div class=\"cmsmasters_row_margin\">\n<div id=\"cmsmasters_column_12728dcaf2\" class=\"cmsmasters_column one_first\">\n<div class=\"cmsmasters_column_inner\"><div id=\"cmsmasters_heading_847cc7de54\" class=\"cmsmasters_heading_wrap cmsmasters_heading_align_center\" data-animation=\"fadeInDown\" data-delay=\"0\">\n\t<h3 class=\"cmsmasters_heading\">Connect<\/h3>\n<\/div><div id=\"cmsmasters_heading_a60f491637\" class=\"cmsmasters_heading_wrap cmsmasters_heading_align_center\" data-animation=\"fadeInUp\" data-delay=\"0\">\n\t<h2 class=\"cmsmasters_heading\">Entrer en contact<\/h2>\n<\/div>\n<\/div><\/div>\n<\/div>\n<\/div>\n<\/div>\n<\/div>\n<\/div>\n<div id=\"cmsmasters_row_0e8800f9fe\" class=\"cmsmasters_row cmsmasters_color_scheme_default cmsmasters_row_top_default cmsmasters_row_bot_default cmsmasters_row_boxed\">\n<div class=\"cmsmasters_row_outer_parent\">\n<div class=\"cmsmasters_row_outer\">\n<div class=\"cmsmasters_row_inner\">\n<div class=\"cmsmasters_row_margin\">\n<div id=\"cmsmasters_column_5d4c982423\" class=\"cmsmasters_column one_half\">\n<div class=\"cmsmasters_column_inner\"><div id=\"cmsmasters_heading_5ffe7c0aac\" class=\"cmsmasters_heading_wrap cmsmasters_heading_align_left\">\n\t<h3 class=\"cmsmasters_heading\">Nous contacter<\/h3>\n<\/div>\n<div id=\"cmsmasters_divider_50835731a9\" class=\"cl\"><\/div>\n<ul id=\"cmsmasters_icon_list_items_d04a9670dc\" class=\"cmsmasters_icon_list_items cmsmasters_icon_list_type_list\" data-animation=\"fadeInUp\" data-delay=\"0\"><li id=\"cmsmasters_icon_list_item_s7xgre1pqv\" class=\"cmsmasters_icon_list_item cmsmasters-icon-location-3\">SKALA HOTEL, Patmos, 85500 Greece<\/li><li id=\"cmsmasters_icon_list_item_kmt2gz7m6u\" class=\"cmsmasters_icon_list_item cmsmasters-icon-phone-alt\">APPELEZ-NOUS: +30 22470 31343, +30 22470 34034 &amp; +30 22470 34035<\/li><li id=\"cmsmasters_icon_list_item_9gb1udf1o9\" class=\"cmsmasters_icon_list_item cmsmasters-icon-fax\">+30 22470 31747<\/li><li id=\"cmsmasters_icon_list_item_4gqlgfbjpg\" class=\"cmsmasters_icon_list_item cmsmasters-icon-mail-3\">info@skalahotel.gr<\/li><\/ul><div id=\"cmsmasters_heading_ly8rap2qrk\" class=\"cmsmasters_heading_wrap cmsmasters_heading_align_left\">\n\t<h3 class=\"cmsmasters_heading\">Comment rejoindre l&rsquo;H\u00f4tel<\/h3>\n<\/div>\n<div id=\"cmsmasters_divider_hvqkz89f8n\" class=\"cl\"><\/div>\n<div class=\"cmsmasters_text\" data-animation=\"fadeInUp\" data-delay=\"0\">\n<p><strong>Comment rejoindre l&rsquo;\u00eele de Patmos<\/strong>:<br \/>\n<strong><em>En bateau d&rsquo;apr\u00e8s le Port du Pir\u00e9e<br \/>\n<\/em><\/strong>T\u00e9l\u00e9phone de la Capitainerie du Pir\u00e9e: (+30) 210 4226000-4, 210 4511310-17<\/p>\n<p><em><strong>En avion d&rsquo;apr\u00e8s les \u00eeles de Rhodes, Kos, Samos et Leros<\/strong>:<\/em><br \/>\nT\u00e9l\u00e9phone de l&rsquo;A\u00e9roport de Rhodes: (+30) 22410 88700<br \/>\nT\u00e9l\u00e9phone de l&rsquo;A\u00e9roport de Kos: (+30) 22420 56000<br \/>\nT\u00e9l\u00e9phone de l&rsquo;A\u00e9roport de Samos: (+30) 22730 87700<br \/>\nT\u00e9l\u00e9phone de l&rsquo;A\u00e9roport de Leros: (+30) 22470 22275<\/p>\n<p><strong>T\u00e9l\u00e9phones utiles<br \/>\n<\/strong>Capitainerie de Patmos: (+30) 22470 31231<br \/>\nPolice de Patmos: (+30) 22470 31303<br \/>\nH\u00f4pital de Patmos: (+30) 22470 31211<\/p>\n<\/div>\n<\/div><\/div>\n<div id=\"cmsmasters_column_db4776658e\" class=\"cmsmasters_column one_half\">\n<div class=\"cmsmasters_column_inner\"><div class=\"cmsmasters_contact_form\">\n<div class=\"wpcf7 no-js\" id=\"wpcf7-f19524-o1\" lang=\"en-US\" dir=\"ltr\">\n<div class=\"screen-reader-response\"><p role=\"status\" aria-live=\"polite\" aria-atomic=\"true\"><\/p> <ul><\/ul><\/div>\n<form action=\"\/fr\/wp-json\/wp\/v2\/pages\/16625#wpcf7-f19524-o1\" method=\"post\" class=\"wpcf7-form init\" aria-label=\"Contact form\" novalidate=\"novalidate\" data-status=\"init\">\n<div style=\"display: none;\">\n<input type=\"hidden\" name=\"_wpcf7\" value=\"19524\" \/>\n<input type=\"hidden\" name=\"_wpcf7_version\" value=\"5.9.8\" \/>\n<input type=\"hidden\" name=\"_wpcf7_locale\" value=\"en_US\" \/>\n<input type=\"hidden\" name=\"_wpcf7_unit_tag\" value=\"wpcf7-f19524-o1\" \/>\n<input type=\"hidden\" name=\"_wpcf7_container_post\" value=\"0\" \/>\n<input type=\"hidden\" name=\"_wpcf7_posted_data_hash\" value=\"\" \/>\n<input type=\"hidden\" name=\"_wpcf7_recaptcha_response\" value=\"\" \/>\n<\/div>\n<p><label> Nom complet<br \/>\n<span class=\"wpcf7-form-control-wrap\" data-name=\"your-name\"><input size=\"40\" maxlength=\"400\" class=\"wpcf7-form-control wpcf7-text wpcf7-validates-as-required\" aria-required=\"true\" aria-invalid=\"false\" value=\"\" type=\"text\" name=\"your-name\" \/><\/span> <\/label>\n<\/p>\n<p><label> Your email<br \/>\n<span class=\"wpcf7-form-control-wrap\" data-name=\"your-email\"><input size=\"40\" maxlength=\"400\" class=\"wpcf7-form-control wpcf7-email wpcf7-validates-as-required wpcf7-text wpcf7-validates-as-email\" aria-required=\"true\" aria-invalid=\"false\" value=\"\" type=\"email\" name=\"your-email\" \/><\/span> <\/label>\n<\/p>\n<p><label> T\u00e9l\u00e9phone<br \/>\n<span class=\"wpcf7-form-control-wrap\" data-name=\"Your-Phone\"><input size=\"40\" maxlength=\"400\" class=\"wpcf7-form-control wpcf7-text wpcf7-validates-as-required\" aria-required=\"true\" aria-invalid=\"false\" value=\"\" type=\"text\" name=\"Your-Phone\" \/><\/span> <\/label>\n<\/p>\n<p><label> Message<br \/>\n<span class=\"wpcf7-form-control-wrap\" data-name=\"your-message\"><textarea cols=\"40\" rows=\"10\" maxlength=\"2000\" class=\"wpcf7-form-control wpcf7-textarea\" aria-invalid=\"false\" name=\"your-message\"><\/textarea><\/span> <\/label>\n<\/p>\n<p>Acceptation de la politique de confidentialit\u00e9*\n<\/p>\n<p><small>J'accepte le traitement de mes donn\u00e9es personnelles conform\u00e9ment \u00e0 la politique de confidentialit\u00e9<\/small>\n<\/p>\n<p><span class=\"wpcf7-form-control-wrap\" data-name=\"acceptance-923\"><span class=\"wpcf7-form-control wpcf7-acceptance\"><span class=\"wpcf7-list-item\"><label><input type=\"checkbox\" name=\"acceptance-923\" value=\"1\" id=\"AcceptanceofPrivacyPolicy\" aria-invalid=\"false\" \/><span class=\"wpcf7-list-item-label\">Se mettre d'accord<\/span><\/label><\/span><\/span><\/span>\n<\/p>\n<p><input class=\"wpcf7-form-control wpcf7-submit has-spinner\" type=\"submit\" value=\"Submit\" \/>\n<\/p><input type='hidden' class='wpcf7-pum' value='{\"closepopup\":false,\"closedelay\":0,\"openpopup\":false,\"openpopup_id\":0}' \/><div class=\"wpcf7-response-output\" aria-hidden=\"true\"><\/div>\n<\/form>\n<\/div>\n<\/div>\n<\/div><\/div>\n<\/div>\n<\/div>\n<\/div>\n<\/div>\n<\/div>\n<div id=\"cmsmasters_row_f0wguhncy8\" class=\"cmsmasters_row cmsmasters_color_scheme_default cmsmasters_row_top_default cmsmasters_row_bot_default cmsmasters_row_fullwidth\">\n<div class=\"cmsmasters_row_outer_parent\">\n<div class=\"cmsmasters_row_outer\">\n<div class=\"cmsmasters_row_inner cmsmasters_row_fullwidth cmsmasters_row_no_margin\">\n<div class=\"cmsmasters_row_margin\">\n<div id=\"cmsmasters_column_ym5x5k7of\" class=\"cmsmasters_column one_first\">\n<div class=\"cmsmasters_column_inner\"><div class=\"custom_html\">\n<iframe loading=\"lazy\" src=\"https:\/\/www.google.com\/maps\/embed?pb=!1m14!1m8!1m3!1d3248904.6098511093!2d24.30321282490508!3d37.324550000000016!3m2!1i1024!2i768!4f13.1!3m3!1m2!1s0x0%3A0xd62f6d8be78ad9e!2zU0tBTEEgSG90ZWwgUGF0bW9zIC0gzp7Otc69zr_OtM6_z4fOtc6vzr8gzqPOms6RzpvOkSwgzqDOkc6kzpzOn86j!5e0!3m2!1sel!2sus!4v1579682241166!5m2!1sel!2sus\" width=\"100%\" height=\"650\" frameborder=\"0\" style=\"margin:0; border:0;\" allowfullscreen=\"\"><\/iframe>\n<\/div>\n<\/div><\/div>\n<\/div>\n<\/div>\n<\/div>\n<\/div>\n<\/div>\n\n","protected":false},"excerpt":{"rendered":"","protected":false},"author":1,"featured_media":0,"parent":0,"menu_order":0,"comment_status":"closed","ping_status":"closed","template":"","meta":{"footnotes":""},"_links":{"self":[{"href":"https:\/\/www.skalahotel.gr\/fr\/wp-json\/wp\/v2\/pages\/16625"}],"collection":[{"href":"https:\/\/www.skalahotel.gr\/fr\/wp-json\/wp\/v2\/pages"}],"about":[{"href":"https:\/\/www.skalahotel.gr\/fr\/wp-json\/wp\/v2\/types\/page"}],"author":[{"embeddable":true,"href":"https:\/\/www.skalahotel.gr\/fr\/wp-json\/wp\/v2\/users\/1"}],"replies":[{"embeddable":true,"href":"https:\/\/www.skalahotel.gr\/fr\/wp-json\/wp\/v2\/comments?post=16625"}],"version-history":[{"count":1,"href":"https:\/\/www.skalahotel.gr\/fr\/wp-json\/wp\/v2\/pages\/16625\/revisions"}],"predecessor-version":[{"id":19529,"href":"https:\/\/www.skalahotel.gr\/fr\/wp-json\/wp\/v2\/pages\/16625\/revisions\/19529"}],"wp:attachment":[{"href":"https:\/\/www.skalahotel.gr\/fr\/wp-json\/wp\/v2\/media?parent=16625"}],"curies":[{"name":"wp","href":"https:\/\/api.w.org\/{rel}","templated":true}]}}