{"id":16617,"date":"2020-03-27T12:42:16","date_gmt":"2020-03-27T10:42:16","guid":{"rendered":"https:\/\/skalahotel.vistaserver.net\/?page_id=16617"},"modified":"2021-01-18T12:59:35","modified_gmt":"2021-01-18T10:59:35","slug":"reunions-evenements","status":"publish","type":"page","link":"https:\/\/www.skalahotel.gr\/fr\/reunions-evenements\/","title":{"rendered":"R\u00e9unions &#8211; Ev\u00e8nements"},"content":{"rendered":"<div id=\"cmsmasters_row_a238d4fa81\" class=\"cmsmasters_row cmsmasters_color_scheme_default cmsmasters_row_top_default cmsmasters_row_bot_default cmsmasters_row_boxed\">\n<div class=\"cmsmasters_row_outer_parent\">\n<div class=\"cmsmasters_row_outer\">\n<div class=\"cmsmasters_row_inner\">\n<div class=\"cmsmasters_row_margin\">\n<div id=\"cmsmasters_column_f77c8e6d30\" class=\"cmsmasters_column one_first\">\n<div class=\"cmsmasters_column_inner\"><div id=\"cmsmasters_heading_f936a1f7a2\" class=\"cmsmasters_heading_wrap cmsmasters_heading_align_center\" data-animation=\"fadeInDown\" data-delay=\"0\">\n\t<h3 class=\"cmsmasters_heading\">Installations<\/h3>\n<\/div><div id=\"cmsmasters_heading_b033062ba6\" class=\"cmsmasters_heading_wrap cmsmasters_heading_align_center\" data-animation=\"fadeInUp\" data-delay=\"0\">\n\t<h2 class=\"cmsmasters_heading\">Services et installations<\/h2>\n<\/div><div class=\"cmsmasters_text\">\n<p>L&rsquo;\u00eele de Patmos est consid\u00e9r\u00e9e une place id\u00e9ale pour organiser des r\u00e9unions et n&rsquo;importe quel genre d&rsquo;\u00e9v\u00e8nements, gr\u00e2ce \u00e0 sa beaut\u00e9 naturelle et \u00e0 son h\u00e9ritage culturel et historique ainsi que ses infrastructures. Nous vous garantons que tous les \u00e9v\u00e8nements seront organis\u00e9s avec un grand succ\u00e8s ! L&rsquo;H\u00f4tel Skala est le choix le meilleur pour organiser votre r\u00e9union ou votre \u00e9v\u00e9nement social, \u00e0 savoir un banquet de noces ou un bapt\u00eame, gr\u00e2ce \u00e0 ses installations et ses services exceptionnels. Outre \u00e0 l&rsquo;organisation, il a la possibilit\u00e9 de s&rsquo;occuper de l&rsquo;h\u00e9bergement des invit\u00e9s et il a la m\u00e9rite de se trouver dans une position centrale \u00e0 l&rsquo;int\u00e9rieur de l&rsquo;\u00eele. En pr\u00eatant une attention particuli\u00e8re au service impeccable, vos invit\u00e9s appr\u00e9cieront le professionnalisme et l&rsquo;hospitalit\u00e9 de l&rsquo;H\u00f4tel Skala.<\/p>\n<p>Notre salle de r\u00e9union a une surface de 300 m2 et dispose d&rsquo;un syst\u00e8me de climatisation \u00e0 haute performance (r\u00e9chauffement\/ air conditionn\u00e9) et offre une belle vue vers le jardin de l&rsquo;H\u00f4tel.<\/p>\n<p>L&rsquo;H\u00f4tel Skala peut s&rsquo;occuper de l&rsquo;organisation du banquet de noces, ainsi que du bapt\u00eame de votre fils. Vous aurez ainsi la possibilit\u00e9 de partager le jour le plus important et heureux de votre vie avec vos invit\u00e9s, dans un endroit fantastique avec piscine, entour\u00e9 par le fleurs et par l&rsquo;\u00e9clairage magnifique de l&rsquo;H\u00f4tel Skala. La qualit\u00e9 de nos services, ainsi que notre cuisine vous donneront les impressions les meilleures.<\/p>\n<\/div>\n<\/div><\/div>\n<\/div>\n<\/div>\n<\/div>\n<\/div>\n<\/div>\n<div id=\"cmsmasters_row_1d29a8fv79\" class=\"cmsmasters_row cmsmasters_color_scheme_default cmsmasters_row_top_default cmsmasters_row_bot_default cmsmasters_row_boxed\">\n<div class=\"cmsmasters_row_outer_parent\">\n<div class=\"cmsmasters_row_outer\">\n<div class=\"cmsmasters_row_inner\">\n<div class=\"cmsmasters_row_margin\">\n<div id=\"cmsmasters_column_fo83lnukll\" class=\"cmsmasters_column two_third\">\n<div class=\"cmsmasters_column_inner\"><div class=\"aligncenter\"><div class=\"cmsmasters_img  cmsmasters_image_c with_caption\"><img decoding=\"async\" src=\"https:\/\/www.skalahotel.gr\/wp-content\/uploads\/2021\/01\/Conferences-Events-1.jpg\" \/><p class=\"cmsmasters_img_caption\">SKALA HOTEL - CONFERENCE HALL<\/p><\/div><\/div>\n<\/div><\/div>\n<div id=\"cmsmasters_column_tfwpd4qxlp\" class=\"cmsmasters_column one_third\">\n<div class=\"cmsmasters_column_inner\"><div class=\"cmsmasters_img  cmsmasters_image_l\" data-animation=\"fadeIn\" data-delay=\"0\"><a href=\"https:\/\/www.skalahotel.gr\/wp-content\/uploads\/2020\/02\/skalahotel_conferencehall_bluprint_popup.jpg\" rel=\"ilightbox[img_69f74f58d5cac]\"><img decoding=\"async\" src=\"https:\/\/www.skalahotel.gr\/wp-content\/uploads\/2020\/02\/skalahotel_conferencehall_bluprint_popup.jpg\" alt=\"SKALA HOTEL - CONFERENCE HALL\" \/><\/a><\/div>\n<\/div><\/div>\n<\/div>\n<\/div>\n<\/div>\n<\/div>\n<\/div>\n<div id=\"cmsmasters_row_niya9rfpan\" class=\"cmsmasters_row cmsmasters_color_scheme_default cmsmasters_row_top_default cmsmasters_row_bot_default cmsmasters_row_boxed\">\n<div class=\"cmsmasters_row_outer_parent\">\n<div class=\"cmsmasters_row_outer\">\n<div class=\"cmsmasters_row_inner\">\n<div class=\"cmsmasters_row_margin\">\n<div id=\"cmsmasters_column_41luqg26g\" class=\"cmsmasters_column one_first\">\n<div class=\"cmsmasters_column_inner\"><div id=\"cmsmasters_gallery_wqcx3jx8tw\" class=\"cmsmasters_gallery_wrap\" data-type=\"grid\" data-count=\"0\" data-animation=\"fadeIn\" data-delay=\"0\"><ul class=\"cmsmasters_gallery cmsmasters_4 cmsmasters_more_items_loader\"><li class=\"cmsmasters_gallery_item\"><figure><a href=\"https:\/\/www.skalahotel.gr\/wp-content\/uploads\/2021\/01\/Conferences-Events-4.jpg\" rel=\"ilightbox[wqcx3jx8tw]\"><img loading=\"lazy\" decoding=\"async\" width=\"300\" height=\"300\" src=\"https:\/\/www.skalahotel.gr\/wp-content\/uploads\/2021\/01\/Conferences-Events-4-300x300.jpg\" class=\"attachment-cmsmasters-square-thumb size-cmsmasters-square-thumb\" alt=\"\" srcset=\"https:\/\/www.skalahotel.gr\/wp-content\/uploads\/2021\/01\/Conferences-Events-4-300x300.jpg 300w, https:\/\/www.skalahotel.gr\/wp-content\/uploads\/2021\/01\/Conferences-Events-4-150x150.jpg 150w, https:\/\/www.skalahotel.gr\/wp-content\/uploads\/2021\/01\/Conferences-Events-4-64x64.jpg 64w\" sizes=\"(max-width: 300px) 100vw, 300px\" \/><\/a><\/figure><\/li><li class=\"cmsmasters_gallery_item\"><figure><a href=\"https:\/\/www.skalahotel.gr\/wp-content\/uploads\/2021\/01\/Conferences-Events-1.jpg\" rel=\"ilightbox[wqcx3jx8tw]\"><img loading=\"lazy\" decoding=\"async\" width=\"300\" height=\"300\" src=\"https:\/\/www.skalahotel.gr\/wp-content\/uploads\/2021\/01\/Conferences-Events-1-300x300.jpg\" class=\"attachment-cmsmasters-square-thumb size-cmsmasters-square-thumb\" alt=\"\" srcset=\"https:\/\/www.skalahotel.gr\/wp-content\/uploads\/2021\/01\/Conferences-Events-1-300x300.jpg 300w, https:\/\/www.skalahotel.gr\/wp-content\/uploads\/2021\/01\/Conferences-Events-1-150x150.jpg 150w, https:\/\/www.skalahotel.gr\/wp-content\/uploads\/2021\/01\/Conferences-Events-1-64x64.jpg 64w\" sizes=\"(max-width: 300px) 100vw, 300px\" \/><\/a><\/figure><\/li><li class=\"cmsmasters_gallery_item\"><figure><a href=\"https:\/\/www.skalahotel.gr\/wp-content\/uploads\/2021\/01\/Conferences-Events-2.jpg\" rel=\"ilightbox[wqcx3jx8tw]\"><img loading=\"lazy\" decoding=\"async\" width=\"300\" height=\"300\" src=\"https:\/\/www.skalahotel.gr\/wp-content\/uploads\/2021\/01\/Conferences-Events-2-300x300.jpg\" class=\"attachment-cmsmasters-square-thumb size-cmsmasters-square-thumb\" alt=\"\" srcset=\"https:\/\/www.skalahotel.gr\/wp-content\/uploads\/2021\/01\/Conferences-Events-2-300x300.jpg 300w, https:\/\/www.skalahotel.gr\/wp-content\/uploads\/2021\/01\/Conferences-Events-2-150x150.jpg 150w, https:\/\/www.skalahotel.gr\/wp-content\/uploads\/2021\/01\/Conferences-Events-2-64x64.jpg 64w\" sizes=\"(max-width: 300px) 100vw, 300px\" \/><\/a><\/figure><\/li><li class=\"cmsmasters_gallery_item\"><figure><a href=\"https:\/\/www.skalahotel.gr\/wp-content\/uploads\/2021\/01\/Conferences-Events-3.jpg\" rel=\"ilightbox[wqcx3jx8tw]\"><img loading=\"lazy\" decoding=\"async\" width=\"300\" height=\"300\" src=\"https:\/\/www.skalahotel.gr\/wp-content\/uploads\/2021\/01\/Conferences-Events-3-300x300.jpg\" class=\"attachment-cmsmasters-square-thumb size-cmsmasters-square-thumb\" alt=\"\" srcset=\"https:\/\/www.skalahotel.gr\/wp-content\/uploads\/2021\/01\/Conferences-Events-3-300x300.jpg 300w, https:\/\/www.skalahotel.gr\/wp-content\/uploads\/2021\/01\/Conferences-Events-3-150x150.jpg 150w, https:\/\/www.skalahotel.gr\/wp-content\/uploads\/2021\/01\/Conferences-Events-3-64x64.jpg 64w\" sizes=\"(max-width: 300px) 100vw, 300px\" \/><\/a><\/figure><\/li><\/ul><\/div><div id=\"cmsmasters_heading_x1nelwutc\" class=\"cmsmasters_heading_wrap cmsmasters_heading_align_center\">\n\t<h4 class=\"cmsmasters_heading\">Lors de votre \u00e9v\u00e9nement, profitez de nos \u00e9quipements<\/h4>\n<\/div>\n<\/div><\/div>\n<\/div>\n<\/div>\n<\/div>\n<\/div>\n<\/div>\n<div id=\"cmsmasters_row_916f209bd5\" class=\"cmsmasters_row cmsmasters_color_scheme_default cmsmasters_row_top_default cmsmasters_row_bot_default cmsmasters_row_boxed\">\n<div class=\"cmsmasters_row_outer_parent\">\n<div class=\"cmsmasters_row_outer\">\n<div class=\"cmsmasters_row_inner\">\n<div class=\"cmsmasters_row_margin cmsmasters_row_columns_behavior\">\n<div id=\"cmsmasters_column_e2beccf01e\" class=\"cmsmasters_column one_fourth\">\n<div class=\"cmsmasters_column_inner\"><div id=\"cmsmasters_fb_364392570f\" class=\"cmsmasters_featured_block\">\n<div class=\"featured_block_inner\">\n<div class=\"featured_block_text\">\n<h2 style=\"text-align: center;\"><span style=\"color: #ffffff; font-size: 24px; line-height: 30px;\">BAR<\/span><\/h2>\n\n<\/div>\n<\/div>\n<\/div>\n<\/div><\/div>\n<div id=\"cmsmasters_column_7df7fba768\" class=\"cmsmasters_column one_fourth\">\n<div class=\"cmsmasters_column_inner\"><div id=\"cmsmasters_fb_85f04344da\" class=\"cmsmasters_featured_block\">\n<div class=\"featured_block_inner\">\n<div class=\"featured_block_text\">\n<h2 style=\"text-align: center;\"><span style=\"color: #ffffff; font-size: 24px; line-height: 30px;\">Bassin<\/span><\/h2>\n\n<\/div>\n<\/div>\n<\/div>\n<\/div><\/div>\n<div id=\"cmsmasters_column_59ae3c9120\" class=\"cmsmasters_column one_fourth\">\n<div class=\"cmsmasters_column_inner\"><div id=\"cmsmasters_fb_66db1ac201\" class=\"cmsmasters_featured_block\">\n<div class=\"featured_block_inner\">\n<div class=\"featured_block_text\">\n<h2 style=\"text-align: center;\"><span style=\"color: #ffffff; font-size: 24px; line-height: 30px;\">Restaurant<\/span><\/h2>\n\n<\/div>\n<\/div>\n<\/div>\n<\/div><\/div>\n<div id=\"cmsmasters_column_bb1c09aa83\" class=\"cmsmasters_column one_fourth\">\n<div class=\"cmsmasters_column_inner\"><div id=\"cmsmasters_fb_7eaa133caa\" class=\"cmsmasters_featured_block\">\n<div class=\"featured_block_inner\">\n<div class=\"featured_block_text\">\n<h2 style=\"text-align: center;\"><span style=\"color: #ffffff; font-size: 24px; line-height: 30px;\">salle de conf\u00e9rence<\/span><\/h2>\n\n<\/div>\n<\/div>\n<\/div>\n<\/div><\/div>\n<\/div>\n<\/div>\n<\/div>\n<\/div>\n<\/div>\n\n","protected":false},"excerpt":{"rendered":"","protected":false},"author":1,"featured_media":0,"parent":0,"menu_order":0,"comment_status":"closed","ping_status":"closed","template":"","meta":{"footnotes":""},"_links":{"self":[{"href":"https:\/\/www.skalahotel.gr\/fr\/wp-json\/wp\/v2\/pages\/16617"}],"collection":[{"href":"https:\/\/www.skalahotel.gr\/fr\/wp-json\/wp\/v2\/pages"}],"about":[{"href":"https:\/\/www.skalahotel.gr\/fr\/wp-json\/wp\/v2\/types\/page"}],"author":[{"embeddable":true,"href":"https:\/\/www.skalahotel.gr\/fr\/wp-json\/wp\/v2\/users\/1"}],"replies":[{"embeddable":true,"href":"https:\/\/www.skalahotel.gr\/fr\/wp-json\/wp\/v2\/comments?post=16617"}],"version-history":[{"count":5,"href":"https:\/\/www.skalahotel.gr\/fr\/wp-json\/wp\/v2\/pages\/16617\/revisions"}],"predecessor-version":[{"id":17277,"href":"https:\/\/www.skalahotel.gr\/fr\/wp-json\/wp\/v2\/pages\/16617\/revisions\/17277"}],"wp:attachment":[{"href":"https:\/\/www.skalahotel.gr\/fr\/wp-json\/wp\/v2\/media?parent=16617"}],"curies":[{"name":"wp","href":"https:\/\/api.w.org\/{rel}","templated":true}]}}