{"id":16564,"date":"2020-03-27T10:54:47","date_gmt":"2020-03-27T08:54:47","guid":{"rendered":"https:\/\/skalahotel.vistaserver.net\/?page_id=16564"},"modified":"2021-01-21T21:10:59","modified_gmt":"2021-01-21T19:10:59","slug":"les-chambres","status":"publish","type":"page","link":"https:\/\/www.skalahotel.gr\/fr\/les-chambres\/","title":{"rendered":"Les chambres"},"content":{"rendered":"<div id=\"cmsmasters_row_7d823c4a4c\" class=\"cmsmasters_row cmsmasters_color_scheme_default cmsmasters_row_top_default cmsmasters_row_bot_default cmsmasters_row_boxed\">\n<div class=\"cmsmasters_row_outer_parent\">\n<div class=\"cmsmasters_row_outer\">\n<div class=\"cmsmasters_row_inner\">\n<div class=\"cmsmasters_row_margin\">\n<div id=\"cmsmasters_column_521fedf2fb\" class=\"cmsmasters_column one_first\">\n<div class=\"cmsmasters_column_inner\"><div id=\"cmsmasters_heading_39433f6d81\" class=\"cmsmasters_heading_wrap cmsmasters_heading_align_center\" data-animation=\"fadeInDown\" data-delay=\"0\">\n\t<h3 class=\"cmsmasters_heading\">H\u00f4tel Skala<\/h3>\n<\/div><div id=\"cmsmasters_heading_c3bb342a81\" class=\"cmsmasters_heading_wrap cmsmasters_heading_align_center\" data-animation=\"fadeInUp\" data-delay=\"0\">\n\t<h2 class=\"cmsmasters_heading\">Les chambres<\/h2>\n<\/div>\n<div id=\"portfolio_b216c748a3\" class=\"cmsmasters_wrap_portfolio entry-summary\" data-layout=\"grid\" data-layout-mode=\"perfect\" data-url=\"https:\/\/www.skalahotel.gr\/wp-content\/plugins\/cmsmasters-content-composer\/\" data-orderby=\"menu_order\" data-order=\"ASC\" data-count=\"6\" data-categories=\"climatisation,internet-wi-fi,refrigerateur-mini-bar,salle-de-bain-avec-douche,seche-cheveux,telephone,television-par-satellite\" data-metadata=\"title,excerpt\"><div class=\"portfolio grid large_gap perfect cmsmasters_2\"><!-- Start Project Grid Article -->\r\n<article id=\"post-19149\" class=\"cmsmasters_project_grid post-19149 project type-project status-publish format-standard has-post-thumbnail hentry pj-categs-climatisation pj-categs-internet-wi-fi pj-categs-refrigerateur-mini-bar pj-categs-salle-de-bain-avec-douche pj-categs-seche-cheveux pj-categs-telephone pj-categs-television-par-satellite\" data-category=\"climatisation internet-wi-fi refrigerateur-mini-bar salle-de-bain-avec-douche seche-cheveux telephone television-par-satellite\">\r\n\t<div class=\"project_outer\">\r\n\t<div class=\"project_img_wrap\"><figure class=\"cmsmasters_img_rollover_wrap preloader\"><img loading=\"lazy\" decoding=\"async\" width=\"580\" height=\"420\" src=\"https:\/\/www.skalahotel.gr\/wp-content\/uploads\/2021\/01\/skala-hotel-room-16-9-header-single-580x420.jpg\" class=\"full-width wp-post-image\" alt=\"Chambre simple avec balcon, vue sur le jardin\" title=\"Chambre simple avec balcon, vue sur le jardin\" \/><a href=\"https:\/\/www.skalahotel.gr\/fr\/room\/chambre-simple-avec-balcon-vue-sur-le-jardin\/\" title=\"Chambre simple avec balcon, vue sur le jardin\" class=\"cmsmasters_open_link\"><\/a><\/figure><\/div><header class=\"cmsmasters_project_header entry-header\"><h3 class=\"cmsmasters_project_title entry-title\"><a href=\"https:\/\/www.skalahotel.gr\/fr\/room\/chambre-simple-avec-balcon-vue-sur-le-jardin\/\">Chambre simple avec balcon, vue sur le jardin<\/a><\/h3><\/header><div class=\"cmsmasters_project_content entry-content\">\n<p>Toutes les 78 chambres de l'H\u00f4tel Skala ont \u00e9t\u00e9 renouvel\u00e9es r\u00e9cemment, toutes avec balcon, vue mer ou montagne. Chaque chambre offre Air conditionn\u00e9, T\u00e9l\u00e9vision par satellite, Wi- Fi Internet, R\u00e9frig\u00e9rateur \u2013 Mini Bar, S\u00e8che cheveux, T\u00e9l\u00e9phone, Salle de bain avec douche<\/p>\n<\/div>\n<span class=\"dn meta-date\">20210120131233<\/span>\t<\/div>\r\n<\/article>\r\n<!-- Finish Project Grid Article -->\r\n\r\n<!-- Start Project Grid Article -->\r\n<article id=\"post-16607\" class=\"cmsmasters_project_grid post-16607 project type-project status-publish format-standard has-post-thumbnail hentry pj-categs-climatisation pj-categs-internet-wi-fi pj-categs-refrigerateur-mini-bar pj-categs-salle-de-bain-avec-douche pj-categs-seche-cheveux pj-categs-telephone pj-categs-television-par-satellite\" data-category=\"climatisation internet-wi-fi refrigerateur-mini-bar salle-de-bain-avec-douche seche-cheveux telephone television-par-satellite\">\r\n\t<div class=\"project_outer\">\r\n\t<div class=\"project_img_wrap\"><figure class=\"cmsmasters_img_rollover_wrap preloader\"><img loading=\"lazy\" decoding=\"async\" width=\"580\" height=\"420\" src=\"https:\/\/www.skalahotel.gr\/wp-content\/uploads\/2020\/02\/skala-hotel-room-16-9-header-gv2-580x420.jpg\" class=\"full-width wp-post-image\" alt=\"Chambre Double avec balcon, vue jardin\" title=\"Chambre Double avec balcon, vue jardin\" \/><a href=\"https:\/\/www.skalahotel.gr\/fr\/room\/double-room-with-balcony-garden-view\/\" title=\"Chambre Double avec balcon, vue jardin\" class=\"cmsmasters_open_link\"><\/a><\/figure><\/div><header class=\"cmsmasters_project_header entry-header\"><h3 class=\"cmsmasters_project_title entry-title\"><a href=\"https:\/\/www.skalahotel.gr\/fr\/room\/double-room-with-balcony-garden-view\/\">Chambre Double avec balcon, vue jardin<\/a><\/h3><\/header><div class=\"cmsmasters_project_content entry-content\">\n<p>Toutes les 78 chambres de l'H\u00f4tel Skala ont \u00e9t\u00e9 renouvel\u00e9es r\u00e9cemment, toutes avec balcon, vue mer ou montagne. Chaque chambre offre Air conditionn\u00e9, T\u00e9l\u00e9vision par satellite, Wi- Fi Internet, R\u00e9frig\u00e9rateur \u2013 Mini Bar, S\u00e8che cheveux, T\u00e9l\u00e9phone, Salle de bain avec douche<\/p>\n<\/div>\n<span class=\"dn meta-date\">20200327122852<\/span>\t<\/div>\r\n<\/article>\r\n<!-- Finish Project Grid Article -->\r\n\r\n<!-- Start Project Grid Article -->\r\n<article id=\"post-19339\" class=\"cmsmasters_project_grid post-19339 project type-project status-publish format-standard has-post-thumbnail hentry pj-categs-climatisation pj-categs-internet-wi-fi pj-categs-refrigerateur-mini-bar pj-categs-salle-de-bain-avec-douche pj-categs-seche-cheveux pj-categs-telephone pj-categs-television-par-satellite\" data-category=\"climatisation internet-wi-fi refrigerateur-mini-bar salle-de-bain-avec-douche seche-cheveux telephone television-par-satellite\">\r\n\t<div class=\"project_outer\">\r\n\t<div class=\"project_img_wrap\"><figure class=\"cmsmasters_img_rollover_wrap preloader\"><img loading=\"lazy\" decoding=\"async\" width=\"580\" height=\"420\" src=\"https:\/\/www.skalahotel.gr\/wp-content\/uploads\/2021\/01\/monastery-header-580x420.jpg\" class=\"full-width wp-post-image\" alt=\"Chambre double avec balcon donnant sur le monast\u00e8re\" title=\"Chambre double avec balcon donnant sur le monast\u00e8re\" \/><a href=\"https:\/\/www.skalahotel.gr\/fr\/room\/chambre-double-avec-balcon-donnant-sur-le-monastere\/\" title=\"Chambre double avec balcon donnant sur le monast\u00e8re\" class=\"cmsmasters_open_link\"><\/a><\/figure><\/div><header class=\"cmsmasters_project_header entry-header\"><h3 class=\"cmsmasters_project_title entry-title\"><a href=\"https:\/\/www.skalahotel.gr\/fr\/room\/chambre-double-avec-balcon-donnant-sur-le-monastere\/\">Chambre double avec balcon donnant sur le monast\u00e8re<\/a><\/h3><\/header><div class=\"cmsmasters_project_content entry-content\">\n<p>Toutes les 78 chambres de l'H\u00f4tel Skala ont \u00e9t\u00e9 renouvel\u00e9es r\u00e9cemment, toutes avec balcon, vue mer ou montagne. Chaque chambre offre Air conditionn\u00e9, T\u00e9l\u00e9vision par satellite, Wi- Fi Internet, R\u00e9frig\u00e9rateur \u2013 Mini Bar, S\u00e8che cheveux, T\u00e9l\u00e9phone, Salle de bain avec douche<\/p>\n<\/div>\n<span class=\"dn meta-date\">20210121123744<\/span>\t<\/div>\r\n<\/article>\r\n<!-- Finish Project Grid Article -->\r\n\r\n<!-- Start Project Grid Article -->\r\n<article id=\"post-16580\" class=\"cmsmasters_project_grid post-16580 project type-project status-publish format-standard has-post-thumbnail hentry pj-categs-climatisation pj-categs-internet-wi-fi pj-categs-refrigerateur-mini-bar pj-categs-salle-de-bain-avec-douche pj-categs-seche-cheveux pj-categs-telephone pj-categs-television-par-satellite\" data-category=\"climatisation internet-wi-fi refrigerateur-mini-bar salle-de-bain-avec-douche seche-cheveux telephone television-par-satellite\">\r\n\t<div class=\"project_outer\">\r\n\t<div class=\"project_img_wrap\"><figure class=\"cmsmasters_img_rollover_wrap preloader\"><img loading=\"lazy\" decoding=\"async\" width=\"580\" height=\"420\" src=\"https:\/\/www.skalahotel.gr\/wp-content\/uploads\/2021\/01\/skala-hotel-room-16-9-header-sv-580x420.jpg\" class=\"full-width wp-post-image\" alt=\"Chambre double avec vue sur la mer et balcon\" title=\"Chambre double avec vue sur la mer et balcon\" \/><a href=\"https:\/\/www.skalahotel.gr\/fr\/room\/chambre-double-vue-mer-avec-balcon\/\" title=\"Chambre double avec vue sur la mer et balcon\" class=\"cmsmasters_open_link\"><\/a><\/figure><\/div><header class=\"cmsmasters_project_header entry-header\"><h3 class=\"cmsmasters_project_title entry-title\"><a href=\"https:\/\/www.skalahotel.gr\/fr\/room\/chambre-double-vue-mer-avec-balcon\/\">Chambre double avec vue sur la mer et balcon<\/a><\/h3><\/header><div class=\"cmsmasters_project_content entry-content\">\n<p>Toutes les 78 chambres de l'H\u00f4tel Skala ont \u00e9t\u00e9 renouvel\u00e9es r\u00e9cemment, toutes avec balcon, vue mer ou montagne. Chaque chambre offre Air conditionn\u00e9, T\u00e9l\u00e9vision par satellite, Wi- Fi Internet, R\u00e9frig\u00e9rateur \u2013 Mini Bar, S\u00e8che cheveux, T\u00e9l\u00e9phone, Salle de bain avec douche<\/p>\n<\/div>\n<span class=\"dn meta-date\">20200327112009<\/span>\t<\/div>\r\n<\/article>\r\n<!-- Finish Project Grid Article -->\r\n\r\n<!-- Start Project Grid Article -->\r\n<article id=\"post-19235\" class=\"cmsmasters_project_grid post-19235 project type-project status-publish format-standard has-post-thumbnail hentry pj-categs-climatisation pj-categs-internet-wi-fi pj-categs-refrigerateur-mini-bar pj-categs-salle-de-bain-avec-douche pj-categs-seche-cheveux pj-categs-telephone pj-categs-television-par-satellite\" data-category=\"climatisation internet-wi-fi refrigerateur-mini-bar salle-de-bain-avec-douche seche-cheveux telephone television-par-satellite\">\r\n\t<div class=\"project_outer\">\r\n\t<div class=\"project_img_wrap\"><figure class=\"cmsmasters_img_rollover_wrap preloader\"><img loading=\"lazy\" decoding=\"async\" width=\"580\" height=\"420\" src=\"https:\/\/www.skalahotel.gr\/wp-content\/uploads\/2021\/01\/skala-hotel-room-16-9-header-dbl-extra-bed-1-580x420.jpg\" class=\"full-width wp-post-image\" alt=\"Chambre double avec troisi\u00e8me lit avec balcon et vue sur la montagne\" title=\"Chambre double avec troisi\u00e8me lit avec balcon et vue sur la montagne\" \/><a href=\"https:\/\/www.skalahotel.gr\/fr\/room\/chambre-double-avec-lit-dappoint-et-balcon\/\" title=\"Chambre double avec troisi\u00e8me lit avec balcon et vue sur la montagne\" class=\"cmsmasters_open_link\"><\/a><\/figure><\/div><header class=\"cmsmasters_project_header entry-header\"><h3 class=\"cmsmasters_project_title entry-title\"><a href=\"https:\/\/www.skalahotel.gr\/fr\/room\/chambre-double-avec-lit-dappoint-et-balcon\/\">Chambre double avec troisi\u00e8me lit avec balcon et vue sur la montagne<\/a><\/h3><\/header><div class=\"cmsmasters_project_content entry-content\">\n<p>Toutes les 78 chambres de l'H\u00f4tel Skala ont \u00e9t\u00e9 renouvel\u00e9es r\u00e9cemment, toutes avec balcon, vue mer ou montagne. Chaque chambre offre Air conditionn\u00e9, T\u00e9l\u00e9vision par satellite, Wi- Fi Internet, R\u00e9frig\u00e9rateur \u2013 Mini Bar, S\u00e8che cheveux, T\u00e9l\u00e9phone, Salle de bain avec douche<\/p>\n<\/div>\n<span class=\"dn meta-date\">20210120134641<\/span>\t<\/div>\r\n<\/article>\r\n<!-- Finish Project Grid Article -->\r\n\r\n<!-- Start Project Grid Article -->\r\n<article id=\"post-19100\" class=\"cmsmasters_project_grid post-19100 project type-project status-publish format-standard has-post-thumbnail hentry pj-categs-climatisation pj-categs-internet-wi-fi pj-categs-refrigerateur-mini-bar pj-categs-salle-de-bain-avec-douche pj-categs-seche-cheveux pj-categs-telephone pj-categs-television-par-satellite\" data-category=\"climatisation internet-wi-fi refrigerateur-mini-bar salle-de-bain-avec-douche seche-cheveux telephone television-par-satellite\">\r\n\t<div class=\"project_outer\">\r\n\t<div class=\"project_img_wrap\"><figure class=\"cmsmasters_img_rollover_wrap preloader\"><img loading=\"lazy\" decoding=\"async\" width=\"580\" height=\"420\" src=\"https:\/\/www.skalahotel.gr\/wp-content\/uploads\/2021\/01\/skala-hotel-room-16-9-header-family-580x420.jpg\" class=\"full-width wp-post-image\" alt=\"Chambre familiale (2 chambres doubles avec porte int\u00e9rieure) donnant sur le jardin\" title=\"Chambre familiale (2 chambres doubles avec porte int\u00e9rieure) donnant sur le jardin\" \/><a href=\"https:\/\/www.skalahotel.gr\/fr\/room\/deux-chambres-a-deux-lits-avec-une-porte-intermediaire\/\" title=\"Chambre familiale (2 chambres doubles avec porte int\u00e9rieure) donnant sur le jardin\" class=\"cmsmasters_open_link\"><\/a><\/figure><\/div><header class=\"cmsmasters_project_header entry-header\"><h3 class=\"cmsmasters_project_title entry-title\"><a href=\"https:\/\/www.skalahotel.gr\/fr\/room\/deux-chambres-a-deux-lits-avec-une-porte-intermediaire\/\">Chambre familiale (2 chambres doubles avec porte int\u00e9rieure) donnant sur le jardin<\/a><\/h3><\/header><div class=\"cmsmasters_project_content entry-content\">\n<p>Toutes les 78 chambres de l'H\u00f4tel Skala ont \u00e9t\u00e9 renouvel\u00e9es r\u00e9cemment, toutes avec balcon, vue mer ou montagne. Chaque chambre offre Air conditionn\u00e9, T\u00e9l\u00e9vision par satellite, Wi- Fi Internet, R\u00e9frig\u00e9rateur \u2013 Mini Bar, S\u00e8che cheveux, T\u00e9l\u00e9phone, Salle de bain avec douche<\/p>\n<\/div>\n<span class=\"dn meta-date\">20210120111742<\/span>\t<\/div>\r\n<\/article>\r\n<!-- Finish Project Grid Article -->\r\n\r\n<\/div><\/div>\n<\/div><\/div>\n<\/div>\n<\/div>\n<\/div>\n<\/div>\n<\/div>\n<div id=\"cmsmasters_row_7ktxedvc5d\" class=\"cmsmasters_row cmsmasters_color_scheme_default cmsmasters_row_top_default cmsmasters_row_bot_default cmsmasters_row_boxed\">\n<div class=\"cmsmasters_row_outer_parent\">\n<div class=\"cmsmasters_row_outer\">\n<div class=\"cmsmasters_row_inner\">\n<div class=\"cmsmasters_row_margin\">\n<div id=\"cmsmasters_column_xl7jvzqizp\" class=\"cmsmasters_column one_third\">\n<div class=\"cmsmasters_column_inner\"><div id=\"cmsmasters_heading_valhi61ic9\" class=\"cmsmasters_heading_wrap cmsmasters_heading_align_left\" data-animation=\"fadeInDown\" data-delay=\"0\">\n\t<h3 class=\"cmsmasters_heading\">Distances<\/h3>\n<\/div><div class=\"cmsmasters_text\" data-animation=\"fadeInUp\" data-delay=\"0\">\n<ul>\n<li>Centre du village: 50 mt<\/li>\n<li>Magasins: 10 mt<\/li>\n<li>Port: 150 mt<\/li>\n<li>Arr\u00eat de bus: 150 mt<\/li>\n<\/ul>\n<\/div>\n<\/div><\/div>\n<div id=\"cmsmasters_column_7mcfpu9rcf\" class=\"cmsmasters_column one_third\">\n<div class=\"cmsmasters_column_inner\"><div id=\"cmsmasters_heading_n3gb6n91za\" class=\"cmsmasters_heading_wrap cmsmasters_heading_align_left\" data-animation=\"fadeInDown\" data-delay=\"0\">\n\t<h3 class=\"cmsmasters_heading\">Comment rejoindre l\u2019H\u00f4tel<\/h3>\n<\/div><div class=\"cmsmasters_text\" data-animation=\"fadeInUp\" data-delay=\"0\">\n<p><strong>Comment rejoindre l&rsquo;\u00eele de Patmos<\/strong><\/p>\n<p><em><strong>En bateau d&rsquo;apr\u00e8s le Port du Pir\u00e9e<\/strong><br \/>\n<\/em>T\u00e9l\u00e9phone de la Capitainerie du Pir\u00e9e: +30 210 4226000-4, +30 210 4511310-17<\/p>\n<p><em><strong>En avion d&rsquo;apr\u00e8s les \u00eeles de Rhodes, Kos, Samos et Leros:<\/strong><br \/>\n<\/em>T\u00e9l\u00e9phone de l&rsquo;A\u00e9roport de Rhodes: +30 22410 88700<br \/>\nT\u00e9l\u00e9phone de l&rsquo;A\u00e9roport de Kos: +30 22420 56000<br \/>\nT\u00e9l\u00e9phone de l&rsquo;A\u00e9roport de Samos: +30 22730 87700<br \/>\nT\u00e9l\u00e9phone de l&rsquo;A\u00e9roport de Leros: +30 22470 22275<\/p>\n<p><strong><em>T\u00e9l\u00e9phones utiles<br \/>\n<\/em><\/strong>Capitainerie de Patmos: +30 22470 31231<br \/>\nPolice de Patmos: +30 22470 31303<br \/>\nH\u00f4pital de Patmos: +30 22470 31211<\/p>\n<\/div>\n<\/div><\/div>\n<div id=\"cmsmasters_column_h3ilfby70k\" class=\"cmsmasters_column one_third\">\n<div class=\"cmsmasters_column_inner\"><div id=\"cmsmasters_heading_g96z1q3k5p\" class=\"cmsmasters_heading_wrap cmsmasters_heading_align_left\" data-animation=\"fadeInDown\" data-delay=\"0\">\n\t<h3 class=\"cmsmasters_heading\">D\u00e9couvrez notre h\u00f4tel<\/h3>\n<\/div><div class=\"cmsmasters_content_slider_wrap\" style=\"max-width:580px;\" data-animation=\"fadeIn\" data-delay=\"0\"><div id=\"cmsmasters_slider_b8xnagjvy\" class=\"cmsmasters_owl_slider owl-carousel cmsmasters_content_slider\" data-auto-play=\"3000\" data-stop-on-hover=\"false\" data-rewind-nav=\"true\" data-slide-speed=\"700\" data-pagination-speed=\"700\" data-rewind-speed=\"1000\" data-transition-style=\"fade\" data-pagination=\"false\" data-navigation=\"false\"><div class=\"cmsmasters_owl_slider_item cmsmasters_content_slider_item\"><img loading=\"lazy\" decoding=\"async\" width=\"580\" height=\"420\" src=\"https:\/\/www.skalahotel.gr\/wp-content\/uploads\/2020\/02\/Skala-Hotel-Patmos-20-580x420.jpg\" class=\"attachment-cmsmasters-blog-masonry-thumb size-cmsmasters-blog-masonry-thumb\" alt=\"\" \/><\/div><div class=\"cmsmasters_owl_slider_item cmsmasters_content_slider_item\"><img loading=\"lazy\" decoding=\"async\" width=\"580\" height=\"420\" src=\"https:\/\/www.skalahotel.gr\/wp-content\/uploads\/2021\/01\/Skala-Hotel-Patmos-Accommodation-Family-Room-and-Bathroom-4-580x420.jpg\" class=\"attachment-cmsmasters-blog-masonry-thumb size-cmsmasters-blog-masonry-thumb\" alt=\"\" \/><\/div><div class=\"cmsmasters_owl_slider_item cmsmasters_content_slider_item\"><img loading=\"lazy\" decoding=\"async\" width=\"580\" height=\"420\" src=\"https:\/\/www.skalahotel.gr\/wp-content\/uploads\/2021\/01\/Skala-Hotel-Patmos-Accommodation-Double-Sea-View-and-Bathroom-7-580x420.jpg\" class=\"attachment-cmsmasters-blog-masonry-thumb size-cmsmasters-blog-masonry-thumb\" alt=\"\" \/><\/div><div class=\"cmsmasters_owl_slider_item cmsmasters_content_slider_item\"><img loading=\"lazy\" decoding=\"async\" width=\"580\" height=\"420\" src=\"https:\/\/www.skalahotel.gr\/wp-content\/uploads\/2021\/01\/Skala-Hotel-Patmos-Accommodation-Double-Sea-View-and-Bathroom-4-580x420.jpg\" class=\"attachment-cmsmasters-blog-masonry-thumb size-cmsmasters-blog-masonry-thumb\" alt=\"\" \/><\/div><div class=\"cmsmasters_owl_slider_item cmsmasters_content_slider_item\"><img loading=\"lazy\" decoding=\"async\" width=\"580\" height=\"420\" src=\"https:\/\/www.skalahotel.gr\/wp-content\/uploads\/2021\/01\/SKALA-HOTE-PATMOS-ACCOMMODATION-Rooms-2-580x420.jpg\" class=\"attachment-cmsmasters-blog-masonry-thumb size-cmsmasters-blog-masonry-thumb\" alt=\"\" \/><\/div><div class=\"cmsmasters_owl_slider_item cmsmasters_content_slider_item\"><img loading=\"lazy\" decoding=\"async\" width=\"580\" height=\"420\" src=\"https:\/\/www.skalahotel.gr\/wp-content\/uploads\/2021\/01\/SKALA-HOTEL-PATMOS-18-580x420.jpg\" class=\"attachment-cmsmasters-blog-masonry-thumb size-cmsmasters-blog-masonry-thumb\" alt=\"\" \/><\/div><div class=\"cmsmasters_owl_slider_item cmsmasters_content_slider_item\"><img loading=\"lazy\" decoding=\"async\" width=\"580\" height=\"420\" src=\"https:\/\/www.skalahotel.gr\/wp-content\/uploads\/2021\/01\/SKALA-HOTEL-PATMOS-Lobby-Area-3-580x420.jpg\" class=\"attachment-cmsmasters-blog-masonry-thumb size-cmsmasters-blog-masonry-thumb\" alt=\"\" \/><\/div><div class=\"cmsmasters_owl_slider_item cmsmasters_content_slider_item\"><img loading=\"lazy\" decoding=\"async\" width=\"580\" height=\"420\" src=\"https:\/\/www.skalahotel.gr\/wp-content\/uploads\/2021\/01\/SKALA-HOTEL-PATMOS-Conferences-4-580x420.jpg\" class=\"attachment-cmsmasters-blog-masonry-thumb size-cmsmasters-blog-masonry-thumb\" alt=\"\" \/><\/div><div class=\"cmsmasters_owl_slider_item cmsmasters_content_slider_item\"><img loading=\"lazy\" decoding=\"async\" width=\"580\" height=\"420\" src=\"https:\/\/www.skalahotel.gr\/wp-content\/uploads\/2021\/01\/skala-patmos-hotel-14-580x420.jpg\" class=\"attachment-cmsmasters-blog-masonry-thumb size-cmsmasters-blog-masonry-thumb\" alt=\"Skala Hotel Patmos\" \/><\/div><\/div>\n<\/div>\n<div id=\"cmsmasters_button_px9335tzbq\" class=\"button_wrap\"><a href=\"\/gallery\/\" class=\"cmsmasters_button\"><span>D\u00e9couvrez notre galerie de photos<\/span><\/a><\/div>\n<\/div><\/div>\n<\/div>\n<\/div>\n<\/div>\n<\/div>\n<\/div>\n\n","protected":false},"excerpt":{"rendered":"","protected":false},"author":1,"featured_media":0,"parent":0,"menu_order":0,"comment_status":"closed","ping_status":"closed","template":"","meta":{"footnotes":""},"_links":{"self":[{"href":"https:\/\/www.skalahotel.gr\/fr\/wp-json\/wp\/v2\/pages\/16564"}],"collection":[{"href":"https:\/\/www.skalahotel.gr\/fr\/wp-json\/wp\/v2\/pages"}],"about":[{"href":"https:\/\/www.skalahotel.gr\/fr\/wp-json\/wp\/v2\/types\/page"}],"author":[{"embeddable":true,"href":"https:\/\/www.skalahotel.gr\/fr\/wp-json\/wp\/v2\/users\/1"}],"replies":[{"embeddable":true,"href":"https:\/\/www.skalahotel.gr\/fr\/wp-json\/wp\/v2\/comments?post=16564"}],"version-history":[{"count":1,"href":"https:\/\/www.skalahotel.gr\/fr\/wp-json\/wp\/v2\/pages\/16564\/revisions"}],"predecessor-version":[{"id":19435,"href":"https:\/\/www.skalahotel.gr\/fr\/wp-json\/wp\/v2\/pages\/16564\/revisions\/19435"}],"wp:attachment":[{"href":"https:\/\/www.skalahotel.gr\/fr\/wp-json\/wp\/v2\/media?parent=16564"}],"curies":[{"name":"wp","href":"https:\/\/api.w.org\/{rel}","templated":true}]}}