{"id":16802,"date":"2020-04-07T12:08:02","date_gmt":"2020-04-07T09:08:02","guid":{"rendered":"https:\/\/skalahotel.vistaserver.net\/?page_id=16802"},"modified":"2021-01-21T21:05:50","modified_gmt":"2021-01-21T19:05:50","slug":"unterkunft","status":"publish","type":"page","link":"https:\/\/www.skalahotel.gr\/de\/unterkunft\/","title":{"rendered":"Unterkunft"},"content":{"rendered":"<div id=\"cmsmasters_row_7d823c4a4c\" class=\"cmsmasters_row cmsmasters_color_scheme_default cmsmasters_row_top_default cmsmasters_row_bot_default cmsmasters_row_boxed\">\n<div class=\"cmsmasters_row_outer_parent\">\n<div class=\"cmsmasters_row_outer\">\n<div class=\"cmsmasters_row_inner\">\n<div class=\"cmsmasters_row_margin\">\n<div id=\"cmsmasters_column_521fedf2fb\" class=\"cmsmasters_column one_first\">\n<div class=\"cmsmasters_column_inner\"><div id=\"cmsmasters_heading_39433f6d81\" class=\"cmsmasters_heading_wrap cmsmasters_heading_align_center\" data-animation=\"fadeInDown\" data-delay=\"0\">\n\t<h3 class=\"cmsmasters_heading\">Skala Hotel<\/h3>\n<\/div><div id=\"cmsmasters_heading_c3bb342a81\" class=\"cmsmasters_heading_wrap cmsmasters_heading_align_center\" data-animation=\"fadeInUp\" data-delay=\"0\">\n\t<h2 class=\"cmsmasters_heading\">Unterkunft<\/h2>\n<\/div>\n<div id=\"portfolio_b216c748a3\" class=\"cmsmasters_wrap_portfolio entry-summary\" data-layout=\"grid\" data-layout-mode=\"perfect\" data-url=\"https:\/\/www.skalahotel.gr\/wp-content\/plugins\/cmsmasters-content-composer\/\" data-orderby=\"menu_order\" data-order=\"ASC\" data-count=\"6\" data-categories=\"badezimmer-mit-dusche,haartrockner,klimaanlage,minibar-kuehlschrank,satelliten-fernsehen,telefon,wi-fi-internet-de\" data-metadata=\"title,excerpt\"><div class=\"portfolio grid large_gap perfect cmsmasters_2\"><!-- Start Project Grid Article -->\r\n<article id=\"post-19147\" class=\"cmsmasters_project_grid post-19147 project type-project status-publish format-standard has-post-thumbnail hentry pj-categs-badezimmer-mit-dusche pj-categs-haartrockner pj-categs-klimaanlage pj-categs-minibar-kuehlschrank pj-categs-satelliten-fernsehen pj-categs-telefon pj-categs-wi-fi-internet-de\" data-category=\"badezimmer-mit-dusche haartrockner klimaanlage minibar-kuehlschrank satelliten-fernsehen telefon wi-fi-internet-de\">\r\n\t<div class=\"project_outer\">\r\n\t<div class=\"project_img_wrap\"><figure class=\"cmsmasters_img_rollover_wrap preloader\"><img loading=\"lazy\" decoding=\"async\" width=\"580\" height=\"420\" src=\"https:\/\/www.skalahotel.gr\/wp-content\/uploads\/2021\/01\/skala-hotel-room-16-9-header-single-580x420.jpg\" class=\"full-width wp-post-image\" alt=\"Einzelzimmer mit Balkon, Gartenblick\" title=\"Einzelzimmer mit Balkon, Gartenblick\" \/><a href=\"https:\/\/www.skalahotel.gr\/de\/room\/einzelzimmer-mit-balkon-gartenblick\/\" title=\"Einzelzimmer mit Balkon, Gartenblick\" class=\"cmsmasters_open_link\"><\/a><\/figure><\/div><header class=\"cmsmasters_project_header entry-header\"><h3 class=\"cmsmasters_project_title entry-title\"><a href=\"https:\/\/www.skalahotel.gr\/de\/room\/einzelzimmer-mit-balkon-gartenblick\/\">Einzelzimmer mit Balkon, Gartenblick<\/a><\/h3><\/header><div class=\"cmsmasters_project_content entry-content\">\n<p>Neu renovierte Zimmer, alle mit Balkon, Meer- oder Bergblick. Alle Zimmer verf\u00fcgen \u00fcber ein eigenes Bad mit Dusche, Klimaanlage, Satellitenfernsehen, WLAN, K\u00fchlschrank, Minibar, Haartrockner, Telefon und vielem mehr.<\/p>\n<\/div>\n<span class=\"dn meta-date\">20210120131313<\/span>\t<\/div>\r\n<\/article>\r\n<!-- Finish Project Grid Article -->\r\n\r\n<!-- Start Project Grid Article -->\r\n<article id=\"post-16763\" class=\"cmsmasters_project_grid post-16763 project type-project status-publish format-standard has-post-thumbnail hentry pj-categs-badezimmer-mit-dusche pj-categs-haartrockner pj-categs-klimaanlage pj-categs-minibar-kuehlschrank pj-categs-satelliten-fernsehen pj-categs-telefon pj-categs-wi-fi-internet-de\" data-category=\"badezimmer-mit-dusche haartrockner klimaanlage minibar-kuehlschrank satelliten-fernsehen telefon wi-fi-internet-de\">\r\n\t<div class=\"project_outer\">\r\n\t<div class=\"project_img_wrap\"><figure class=\"cmsmasters_img_rollover_wrap preloader\"><img loading=\"lazy\" decoding=\"async\" width=\"580\" height=\"420\" src=\"https:\/\/www.skalahotel.gr\/wp-content\/uploads\/2020\/02\/skala-hotel-room-16-9-header-gv2-580x420.jpg\" class=\"full-width wp-post-image\" alt=\"Doppelzimmer mit Gartenblick und Balkon\" title=\"Doppelzimmer mit Gartenblick und Balkon\" \/><a href=\"https:\/\/www.skalahotel.gr\/de\/room\/double-room-with-balcony-garden-view-de\/\" title=\"Doppelzimmer mit Gartenblick und Balkon\" class=\"cmsmasters_open_link\"><\/a><\/figure><\/div><header class=\"cmsmasters_project_header entry-header\"><h3 class=\"cmsmasters_project_title entry-title\"><a href=\"https:\/\/www.skalahotel.gr\/de\/room\/double-room-with-balcony-garden-view-de\/\">Doppelzimmer mit Gartenblick und Balkon<\/a><\/h3><\/header><div class=\"cmsmasters_project_content entry-content\">\n<p>Neu renovierte Zimmer, alle mit Balkon, Meer- oder Bergblick. Alle Zimmer verf\u00fcgen \u00fcber ein eigenes Bad mit Dusche, Klimaanlage, Satellitenfernsehen, WLAN, K\u00fchlschrank, Minibar, Haartrockner, Telefon und vielem mehr.<\/p>\n<\/div>\n<span class=\"dn meta-date\">20200407111147<\/span>\t<\/div>\r\n<\/article>\r\n<!-- Finish Project Grid Article -->\r\n\r\n<!-- Start Project Grid Article -->\r\n<article id=\"post-19337\" class=\"cmsmasters_project_grid post-19337 project type-project status-publish format-standard has-post-thumbnail hentry pj-categs-badezimmer-mit-dusche pj-categs-haartrockner pj-categs-klimaanlage pj-categs-minibar-kuehlschrank pj-categs-satelliten-fernsehen pj-categs-telefon pj-categs-wi-fi-internet-de\" data-category=\"badezimmer-mit-dusche haartrockner klimaanlage minibar-kuehlschrank satelliten-fernsehen telefon wi-fi-internet-de\">\r\n\t<div class=\"project_outer\">\r\n\t<div class=\"project_img_wrap\"><figure class=\"cmsmasters_img_rollover_wrap preloader\"><img loading=\"lazy\" decoding=\"async\" width=\"580\" height=\"420\" src=\"https:\/\/www.skalahotel.gr\/wp-content\/uploads\/2021\/01\/monastery-header-580x420.jpg\" class=\"full-width wp-post-image\" alt=\"Doppelzimmer mit Balkon mit Blick auf das Kloster\" title=\"Doppelzimmer mit Balkon mit Blick auf das Kloster\" \/><a href=\"https:\/\/www.skalahotel.gr\/de\/room\/doppelzimmer-mit-balkon-mit-blick-auf-das-kloster\/\" title=\"Doppelzimmer mit Balkon mit Blick auf das Kloster\" class=\"cmsmasters_open_link\"><\/a><\/figure><\/div><header class=\"cmsmasters_project_header entry-header\"><h3 class=\"cmsmasters_project_title entry-title\"><a href=\"https:\/\/www.skalahotel.gr\/de\/room\/doppelzimmer-mit-balkon-mit-blick-auf-das-kloster\/\">Doppelzimmer mit Balkon mit Blick auf das Kloster<\/a><\/h3><\/header><div class=\"cmsmasters_project_content entry-content\">\n<p>Neu renovierte Zimmer, alle mit Balkon, Meer- oder Bergblick. Alle Zimmer verf\u00fcgen \u00fcber ein eigenes Bad mit Dusche, Klimaanlage, Satellitenfernsehen, WLAN, K\u00fchlschrank, Minibar, Haartrockner, Telefon und vielem mehr.<\/p>\n<\/div>\n<span class=\"dn meta-date\">20210121123401<\/span>\t<\/div>\r\n<\/article>\r\n<!-- Finish Project Grid Article -->\r\n\r\n<!-- Start Project Grid Article -->\r\n<article id=\"post-16759\" class=\"cmsmasters_project_grid post-16759 project type-project status-publish format-standard has-post-thumbnail hentry pj-categs-badezimmer-mit-dusche pj-categs-haartrockner pj-categs-klimaanlage pj-categs-minibar-kuehlschrank pj-categs-satelliten-fernsehen pj-categs-telefon pj-categs-wi-fi-internet-de\" data-category=\"badezimmer-mit-dusche haartrockner klimaanlage minibar-kuehlschrank satelliten-fernsehen telefon wi-fi-internet-de\">\r\n\t<div class=\"project_outer\">\r\n\t<div class=\"project_img_wrap\"><figure class=\"cmsmasters_img_rollover_wrap preloader\"><img loading=\"lazy\" decoding=\"async\" width=\"580\" height=\"420\" src=\"https:\/\/www.skalahotel.gr\/wp-content\/uploads\/2021\/01\/skala-hotel-room-16-9-header-sv-580x420.jpg\" class=\"full-width wp-post-image\" alt=\"Doppelzimmer mit Meerblick und Balkon\" title=\"Doppelzimmer mit Meerblick und Balkon\" \/><a href=\"https:\/\/www.skalahotel.gr\/de\/room\/double-room-with-balcony-sea-view-de\/\" title=\"Doppelzimmer mit Meerblick und Balkon\" class=\"cmsmasters_open_link\"><\/a><\/figure><\/div><header class=\"cmsmasters_project_header entry-header\"><h3 class=\"cmsmasters_project_title entry-title\"><a href=\"https:\/\/www.skalahotel.gr\/de\/room\/double-room-with-balcony-sea-view-de\/\">Doppelzimmer mit Meerblick und Balkon<\/a><\/h3><\/header><div class=\"cmsmasters_project_content entry-content\">\n<p>Neu renovierte Zimmer, alle mit Balkon, Meer- oder Bergblick. Alle Zimmer verf\u00fcgen \u00fcber ein eigenes Bad mit Dusche, Klimaanlage, Satellitenfernsehen, WLAN, K\u00fchlschrank, Minibar, Haartrockner, Telefon und vielem mehr.<\/p>\n<\/div>\n<span class=\"dn meta-date\">20200407111254<\/span>\t<\/div>\r\n<\/article>\r\n<!-- Finish Project Grid Article -->\r\n\r\n<!-- Start Project Grid Article -->\r\n<article id=\"post-19233\" class=\"cmsmasters_project_grid post-19233 project type-project status-publish format-standard has-post-thumbnail hentry pj-categs-badezimmer-mit-dusche pj-categs-haartrockner pj-categs-klimaanlage pj-categs-minibar-kuehlschrank pj-categs-satelliten-fernsehen pj-categs-telefon pj-categs-wi-fi-internet-de\" data-category=\"badezimmer-mit-dusche haartrockner klimaanlage minibar-kuehlschrank satelliten-fernsehen telefon wi-fi-internet-de\">\r\n\t<div class=\"project_outer\">\r\n\t<div class=\"project_img_wrap\"><figure class=\"cmsmasters_img_rollover_wrap preloader\"><img loading=\"lazy\" decoding=\"async\" width=\"580\" height=\"420\" src=\"https:\/\/www.skalahotel.gr\/wp-content\/uploads\/2021\/01\/skala-hotel-room-16-9-header-dbl-extra-bed-580x420.jpg\" class=\"full-width wp-post-image\" alt=\"Doppelzimmer mit drittem Bett mit Balkon und Bergblick\" title=\"Doppelzimmer mit drittem Bett mit Balkon und Bergblick\" \/><a href=\"https:\/\/www.skalahotel.gr\/de\/room\/doppelzimmer-und-zustellbett-mit-balkon\/\" title=\"Doppelzimmer mit drittem Bett mit Balkon und Bergblick\" class=\"cmsmasters_open_link\"><\/a><\/figure><\/div><header class=\"cmsmasters_project_header entry-header\"><h3 class=\"cmsmasters_project_title entry-title\"><a href=\"https:\/\/www.skalahotel.gr\/de\/room\/doppelzimmer-und-zustellbett-mit-balkon\/\">Doppelzimmer mit drittem Bett mit Balkon und Bergblick<\/a><\/h3><\/header><div class=\"cmsmasters_project_content entry-content\">\n<p>Neu renovierte Zimmer, alle mit Balkon, Meer- oder Bergblick. Alle Zimmer verf\u00fcgen \u00fcber ein eigenes Bad mit Dusche, Klimaanlage, Satellitenfernsehen, WLAN, K\u00fchlschrank, Minibar, Haartrockner, Telefon und vielem mehr.<\/p>\n<\/div>\n<span class=\"dn meta-date\">20210121120821<\/span>\t<\/div>\r\n<\/article>\r\n<!-- Finish Project Grid Article -->\r\n\r\n<!-- Start Project Grid Article -->\r\n<article id=\"post-19101\" class=\"cmsmasters_project_grid post-19101 project type-project status-publish format-standard has-post-thumbnail hentry pj-categs-badezimmer-mit-dusche pj-categs-haartrockner pj-categs-klimaanlage pj-categs-minibar-kuehlschrank pj-categs-satelliten-fernsehen pj-categs-telefon pj-categs-wi-fi-internet-de\" data-category=\"badezimmer-mit-dusche haartrockner klimaanlage minibar-kuehlschrank satelliten-fernsehen telefon wi-fi-internet-de\">\r\n\t<div class=\"project_outer\">\r\n\t<div class=\"project_img_wrap\"><figure class=\"cmsmasters_img_rollover_wrap preloader\"><img loading=\"lazy\" decoding=\"async\" width=\"580\" height=\"420\" src=\"https:\/\/www.skalahotel.gr\/wp-content\/uploads\/2021\/01\/skala-hotel-room-16-9-header-family-580x420.jpg\" class=\"full-width wp-post-image\" alt=\"Familienzimmer (2 Doppelzimmer mit Innent\u00fcr) mit Blick auf den Garten\" title=\"Familienzimmer (2 Doppelzimmer mit Innent\u00fcr) mit Blick auf den Garten\" \/><a href=\"https:\/\/www.skalahotel.gr\/de\/room\/zwei-doppelzimmer-mit-verbindungstuer\/\" title=\"Familienzimmer (2 Doppelzimmer mit Innent\u00fcr) mit Blick auf den Garten\" class=\"cmsmasters_open_link\"><\/a><\/figure><\/div><header class=\"cmsmasters_project_header entry-header\"><h3 class=\"cmsmasters_project_title entry-title\"><a href=\"https:\/\/www.skalahotel.gr\/de\/room\/zwei-doppelzimmer-mit-verbindungstuer\/\">Familienzimmer (2 Doppelzimmer mit Innent\u00fcr) mit Blick auf den Garten<\/a><\/h3><\/header><div class=\"cmsmasters_project_content entry-content\">\n<p>Neu renovierte Zimmer, alle mit Balkon, Meer- oder Bergblick. Alle Zimmer verf\u00fcgen \u00fcber ein eigenes Bad mit Dusche, Klimaanlage, Satellitenfernsehen, WLAN, K\u00fchlschrank, Minibar, Haartrockner, Telefon und vielem mehr.<\/p>\n<\/div>\n<span class=\"dn meta-date\">20210120111800<\/span>\t<\/div>\r\n<\/article>\r\n<!-- Finish Project Grid Article -->\r\n\r\n<\/div><\/div>\n<\/div><\/div>\n<\/div>\n<\/div>\n<\/div>\n<\/div>\n<\/div>\n<div id=\"cmsmasters_row_7ktxedvc5d\" class=\"cmsmasters_row cmsmasters_color_scheme_default cmsmasters_row_top_default cmsmasters_row_bot_default cmsmasters_row_boxed\">\n<div class=\"cmsmasters_row_outer_parent\">\n<div class=\"cmsmasters_row_outer\">\n<div class=\"cmsmasters_row_inner\">\n<div class=\"cmsmasters_row_margin\">\n<div id=\"cmsmasters_column_xl7jvzqizp\" class=\"cmsmasters_column one_third\">\n<div class=\"cmsmasters_column_inner\"><div id=\"cmsmasters_heading_valhi61ic9\" class=\"cmsmasters_heading_wrap cmsmasters_heading_align_left\" data-animation=\"fadeInDown\" data-delay=\"0\">\n\t<h3 class=\"cmsmasters_heading\">Lage \u2013 Entfernungen<\/h3>\n<\/div><div class=\"cmsmasters_text\" data-animation=\"fadeInUp\" data-delay=\"0\">\n<ul>\n<li>50 m Strand<\/li>\n<li>Innenstadt 50 m<\/li>\n<li>Gesch\u00e4fte 10 m<\/li>\n<li>Hafen 150 m<\/li>\n<li>150 m Bushaltestelle<\/li>\n<\/ul>\n<\/div>\n<\/div><\/div>\n<div id=\"cmsmasters_column_7mcfpu9rcf\" class=\"cmsmasters_column one_third\">\n<div class=\"cmsmasters_column_inner\"><div id=\"cmsmasters_heading_n3gb6n91za\" class=\"cmsmasters_heading_wrap cmsmasters_heading_align_left\" data-animation=\"fadeInDown\" data-delay=\"0\">\n\t<h3 class=\"cmsmasters_heading\">Wie Komme Ich Dorthin<\/h3>\n<\/div><div class=\"cmsmasters_text\" data-animation=\"fadeInUp\" data-delay=\"0\">\n<p><strong>Wie komme ich dorthin?<br \/>\n<\/strong><em>Wie kommt man nach Patmos:<\/em><\/p>\n<p><em>Mit dem Boot vom Hafen von Pir\u00e4us.<br \/>\n<\/em>Pir\u00e4us Hafenamt: (+30) 210 4226000-4, 210 4511310-17<br \/>\nMit dem Flugzeug von Rhodos, Kos, Samos und Leros.<br \/>\nFlughafen Rhodos: (+30) 22410 88700<br \/>\nFlughafen Kos: (+30) 22420 56000<br \/>\nFlughafen Samos: (+30) 22730 87700<br \/>\nFlughafen Leros: (+30) 22470 22275<\/p>\n<p><em>N\u00fctzliche Telefonnummern<br \/>\n<\/em>Hafenamt von Patmos: (+30) 22470 31231<br \/>\nPolizei von Patmos: (+30) 22470 31303<br \/>\nPatmos Gesundheitszentrum: (+30) 22470 31211<\/p>\n<\/div>\n<\/div><\/div>\n<div id=\"cmsmasters_column_h3ilfby70k\" class=\"cmsmasters_column one_third\">\n<div class=\"cmsmasters_column_inner\"><div id=\"cmsmasters_heading_g96z1q3k5p\" class=\"cmsmasters_heading_wrap cmsmasters_heading_align_left\" data-animation=\"fadeInDown\" data-delay=\"0\">\n\t<h3 class=\"cmsmasters_heading\">Entdecken Sie unser Hotel<\/h3>\n<\/div><div class=\"cmsmasters_content_slider_wrap\" style=\"max-width:580px;\" data-animation=\"fadeIn\" data-delay=\"0\"><div id=\"cmsmasters_slider_b8xnagjvy\" class=\"cmsmasters_owl_slider owl-carousel cmsmasters_content_slider\" data-auto-play=\"3000\" data-stop-on-hover=\"false\" data-rewind-nav=\"true\" data-slide-speed=\"700\" data-pagination-speed=\"700\" data-rewind-speed=\"1000\" data-transition-style=\"fade\" data-pagination=\"false\" data-navigation=\"false\"><div class=\"cmsmasters_owl_slider_item cmsmasters_content_slider_item\"><img loading=\"lazy\" decoding=\"async\" width=\"580\" height=\"420\" src=\"https:\/\/www.skalahotel.gr\/wp-content\/uploads\/2020\/02\/Skala-Hotel-Patmos-20-580x420.jpg\" class=\"attachment-cmsmasters-blog-masonry-thumb size-cmsmasters-blog-masonry-thumb\" alt=\"\" \/><\/div><div class=\"cmsmasters_owl_slider_item cmsmasters_content_slider_item\"><img loading=\"lazy\" decoding=\"async\" width=\"580\" height=\"420\" src=\"https:\/\/www.skalahotel.gr\/wp-content\/uploads\/2021\/01\/Skala-Hotel-Patmos-Accommodation-Family-Room-and-Bathroom-3-580x420.jpg\" class=\"attachment-cmsmasters-blog-masonry-thumb size-cmsmasters-blog-masonry-thumb\" alt=\"\" \/><\/div><div class=\"cmsmasters_owl_slider_item cmsmasters_content_slider_item\"><img loading=\"lazy\" decoding=\"async\" width=\"580\" height=\"420\" src=\"https:\/\/www.skalahotel.gr\/wp-content\/uploads\/2021\/01\/Skala-Hotel-Patmos-Accommodation-Family-Room-and-Bathroom-1-580x420.jpg\" class=\"attachment-cmsmasters-blog-masonry-thumb size-cmsmasters-blog-masonry-thumb\" alt=\"\" \/><\/div><div class=\"cmsmasters_owl_slider_item cmsmasters_content_slider_item\"><img loading=\"lazy\" decoding=\"async\" width=\"580\" height=\"420\" src=\"https:\/\/www.skalahotel.gr\/wp-content\/uploads\/2021\/01\/Skala-Hotel-Patmos-Accommodation-Single-Room-and-Bathroom-4-580x420.jpg\" class=\"attachment-cmsmasters-blog-masonry-thumb size-cmsmasters-blog-masonry-thumb\" alt=\"\" \/><\/div><div class=\"cmsmasters_owl_slider_item cmsmasters_content_slider_item\"><img loading=\"lazy\" decoding=\"async\" width=\"580\" height=\"420\" src=\"https:\/\/www.skalahotel.gr\/wp-content\/uploads\/2021\/01\/Skala-Hotel-Patmos-Accommodation-Double-Sea-View-and-Bathroom-7-580x420.jpg\" class=\"attachment-cmsmasters-blog-masonry-thumb size-cmsmasters-blog-masonry-thumb\" alt=\"\" \/><\/div><div class=\"cmsmasters_owl_slider_item cmsmasters_content_slider_item\"><img loading=\"lazy\" decoding=\"async\" width=\"580\" height=\"420\" src=\"https:\/\/www.skalahotel.gr\/wp-content\/uploads\/2021\/01\/SKALA-HOTEL-PATMOS-18-580x420.jpg\" class=\"attachment-cmsmasters-blog-masonry-thumb size-cmsmasters-blog-masonry-thumb\" alt=\"\" \/><\/div><div class=\"cmsmasters_owl_slider_item cmsmasters_content_slider_item\"><img loading=\"lazy\" decoding=\"async\" width=\"580\" height=\"420\" src=\"https:\/\/www.skalahotel.gr\/wp-content\/uploads\/2021\/01\/the-hotel-cover-580x420.jpg\" class=\"attachment-cmsmasters-blog-masonry-thumb size-cmsmasters-blog-masonry-thumb\" alt=\"\" \/><\/div><div class=\"cmsmasters_owl_slider_item cmsmasters_content_slider_item\"><img loading=\"lazy\" decoding=\"async\" width=\"580\" height=\"420\" src=\"https:\/\/www.skalahotel.gr\/wp-content\/uploads\/2021\/01\/SKALA-HOTEL-PATMOS-Conferences-3-580x420.jpg\" class=\"attachment-cmsmasters-blog-masonry-thumb size-cmsmasters-blog-masonry-thumb\" alt=\"\" \/><\/div><div class=\"cmsmasters_owl_slider_item cmsmasters_content_slider_item\"><img loading=\"lazy\" decoding=\"async\" width=\"580\" height=\"420\" src=\"https:\/\/www.skalahotel.gr\/wp-content\/uploads\/2021\/01\/SKALA-HOTEL-PATMOS-Lobby-Area-4-580x420.jpg\" class=\"attachment-cmsmasters-blog-masonry-thumb size-cmsmasters-blog-masonry-thumb\" alt=\"\" \/><\/div><\/div>\n<\/div>\n<div id=\"cmsmasters_button_px9335tzbq\" class=\"button_wrap\"><a href=\"\/gallery\/\" class=\"cmsmasters_button\"><span>Unsere Fotogalerie<\/span><\/a><\/div>\n<\/div><\/div>\n<\/div>\n<\/div>\n<\/div>\n<\/div>\n<\/div>\n\n","protected":false},"excerpt":{"rendered":"","protected":false},"author":1,"featured_media":0,"parent":0,"menu_order":0,"comment_status":"closed","ping_status":"closed","template":"","meta":{"footnotes":""},"_links":{"self":[{"href":"https:\/\/www.skalahotel.gr\/de\/wp-json\/wp\/v2\/pages\/16802"}],"collection":[{"href":"https:\/\/www.skalahotel.gr\/de\/wp-json\/wp\/v2\/pages"}],"about":[{"href":"https:\/\/www.skalahotel.gr\/de\/wp-json\/wp\/v2\/types\/page"}],"author":[{"embeddable":true,"href":"https:\/\/www.skalahotel.gr\/de\/wp-json\/wp\/v2\/users\/1"}],"replies":[{"embeddable":true,"href":"https:\/\/www.skalahotel.gr\/de\/wp-json\/wp\/v2\/comments?post=16802"}],"version-history":[{"count":2,"href":"https:\/\/www.skalahotel.gr\/de\/wp-json\/wp\/v2\/pages\/16802\/revisions"}],"predecessor-version":[{"id":19431,"href":"https:\/\/www.skalahotel.gr\/de\/wp-json\/wp\/v2\/pages\/16802\/revisions\/19431"}],"wp:attachment":[{"href":"https:\/\/www.skalahotel.gr\/de\/wp-json\/wp\/v2\/media?parent=16802"}],"curies":[{"name":"wp","href":"https:\/\/api.w.org\/{rel}","templated":true}]}}